{"id":8,"date":"2025-05-06T14:20:50","date_gmt":"2025-05-06T19:20:50","guid":{"rendered":"https:\/\/www.byr.cat\/?page_id=8"},"modified":"2025-05-15T05:05:52","modified_gmt":"2025-05-15T03:05:52","slug":"inicio","status":"publish","type":"page","link":"https:\/\/www.byr.cat\/ca\/","title":{"rendered":"Inici"},"content":{"rendered":"\t\t<div data-elementor-type=\"wp-post\" data-elementor-id=\"8\" class=\"elementor elementor-8\" data-elementor-post-type=\"page\">\n\t\t\t\t\t\t<section class=\"elementor-section elementor-top-section elementor-element elementor-element-67314b7 elementor-section-full_width elementor-section-height-min-height elementor-section-items-bottom elementor-section-height-default\" data-id=\"67314b7\" data-element_type=\"section\" data-settings=\"{&quot;background_background&quot;:&quot;classic&quot;}\">\n\t\t\t\t\t\t<div class=\"elementor-container elementor-column-gap-default\">\n\t\t\t\t\t<div class=\"elementor-column elementor-col-100 elementor-top-column elementor-element elementor-element-0537b91\" data-id=\"0537b91\" data-element_type=\"column\" data-settings=\"{&quot;background_background&quot;:&quot;classic&quot;}\">\n\t\t\t<div class=\"elementor-widget-wrap elementor-element-populated\">\n\t\t\t\t\t\t<div class=\"elementor-element elementor-element-d7e32fb elementor-invisible elementor-widget elementor-widget-heading\" data-id=\"d7e32fb\" data-element_type=\"widget\" data-settings=\"{&quot;_animation&quot;:&quot;fadeIn&quot;}\" data-widget_type=\"heading.default\">\n\t\t\t\t<div class=\"elementor-widget-container\">\n\t\t\t\t\t<h2 class=\"elementor-heading-title elementor-size-default\">Assessorament directe, professional i clar<\/h2>\t\t\t\t<\/div>\n\t\t\t\t<\/div>\n\t\t\t\t\t<\/div>\n\t\t<\/div>\n\t\t\t\t\t<\/div>\n\t\t<\/section>\n\t\t<div class=\"elementor-element elementor-element-b0e5082 e-flex e-con-boxed e-con e-parent\" data-id=\"b0e5082\" data-element_type=\"container\">\n\t\t\t\t\t<div class=\"e-con-inner\">\n\t\t<div class=\"elementor-element elementor-element-1502f51 e-con-full e-flex e-con e-child\" data-id=\"1502f51\" data-element_type=\"container\">\n\t\t\t\t<div class=\"elementor-element elementor-element-5faff86 animated-fast elementor-position-top elementor-invisible elementor-widget elementor-widget-image-box\" data-id=\"5faff86\" data-element_type=\"widget\" data-settings=\"{&quot;_animation&quot;:&quot;fadeInUp&quot;}\" data-widget_type=\"image-box.default\">\n\t\t\t\t<div class=\"elementor-widget-container\">\n\t\t\t\t\t<div class=\"elementor-image-box-wrapper\"><figure class=\"elementor-image-box-img\"><img alt=\"\" decoding=\"async\" width=\"162\" height=\"144\" src=\"https:\/\/www.byr.cat\/wp-content\/uploads\/2025\/05\/icono_laboral-1.svg\" class=\"attachment-full size-full wp-image-542\" alt=\"\" \/><\/figure><div class=\"elementor-image-box-content\"><h3 class=\"elementor-image-box-title\">LABORAL<\/h3><\/div><\/div>\t\t\t\t<\/div>\n\t\t\t\t<\/div>\n\t\t\t\t<div class=\"elementor-element elementor-element-75914af animated-fast elementor-position-top elementor-invisible elementor-widget elementor-widget-image-box\" data-id=\"75914af\" data-element_type=\"widget\" data-settings=\"{&quot;_animation&quot;:&quot;fadeInUp&quot;}\" data-widget_type=\"image-box.default\">\n\t\t\t\t<div class=\"elementor-widget-container\">\n\t\t\t\t\t<div class=\"elementor-image-box-wrapper\"><figure class=\"elementor-image-box-img\"><img alt=\"\" decoding=\"async\" width=\"162\" height=\"144\" src=\"https:\/\/www.byr.cat\/wp-content\/uploads\/2025\/05\/icono_fiscal-1.svg\" class=\"attachment-full size-full wp-image-544\" alt=\"\" \/><\/figure><div class=\"elementor-image-box-content\"><h3 class=\"elementor-image-box-title\">FISCAL<\/h3><\/div><\/div>\t\t\t\t<\/div>\n\t\t\t\t<\/div>\n\t\t\t\t<div class=\"elementor-element elementor-element-8fa98a4 animated-fast elementor-position-top elementor-invisible elementor-widget elementor-widget-image-box\" data-id=\"8fa98a4\" data-element_type=\"widget\" data-settings=\"{&quot;_animation&quot;:&quot;fadeInUp&quot;}\" data-widget_type=\"image-box.default\">\n\t\t\t\t<div class=\"elementor-widget-container\">\n\t\t\t\t\t<div class=\"elementor-image-box-wrapper\"><figure class=\"elementor-image-box-img\"><img alt=\"\" decoding=\"async\" width=\"162\" height=\"144\" src=\"https:\/\/www.byr.cat\/wp-content\/uploads\/2025\/05\/icono_contable-1.svg\" class=\"attachment-full size-full wp-image-547\" alt=\"\" \/><\/figure><div class=\"elementor-image-box-content\"><h3 class=\"elementor-image-box-title\">comptable<\/h3><\/div><\/div>\t\t\t\t<\/div>\n\t\t\t\t<\/div>\n\t\t\t\t<div class=\"elementor-element elementor-element-262c1f9 animated-fast elementor-position-top elementor-invisible elementor-widget elementor-widget-image-box\" data-id=\"262c1f9\" data-element_type=\"widget\" data-settings=\"{&quot;_animation&quot;:&quot;fadeInUp&quot;}\" data-widget_type=\"image-box.default\">\n\t\t\t\t<div class=\"elementor-widget-container\">\n\t\t\t\t\t<div class=\"elementor-image-box-wrapper\"><figure class=\"elementor-image-box-img\"><img alt=\"\" loading=\"lazy\" decoding=\"async\" width=\"162\" height=\"144\" src=\"https:\/\/www.byr.cat\/wp-content\/uploads\/2025\/05\/icono_mercantil-1.svg\" class=\"attachment-full size-full wp-image-549\" alt=\"\" \/><\/figure><div class=\"elementor-image-box-content\"><h3 class=\"elementor-image-box-title\">MERCANTIL<\/h3><\/div><\/div>\t\t\t\t<\/div>\n\t\t\t\t<\/div>\n\t\t\t\t<\/div>\n\t\t\t\t\t<\/div>\n\t\t\t\t<\/div>\n\t\t<div class=\"elementor-element elementor-element-d80727e e-flex e-con-boxed e-con e-parent\" data-id=\"d80727e\" data-element_type=\"container\">\n\t\t\t\t\t<div class=\"e-con-inner\">\n\t\t\t\t<div class=\"elementor-element elementor-element-443adca elementor-widget elementor-widget-heading\" data-id=\"443adca\" data-element_type=\"widget\" data-widget_type=\"heading.default\">\n\t\t\t\t<div class=\"elementor-widget-container\">\n\t\t\t\t\t<h2 class=\"elementor-heading-title elementor-size-default\">Som una assessoria i gestoria de Castelldefels experta em temes fiscals, comptables, laborals i mercantils des de fa m\u00e9s de 35 anys.<\/h2>\t\t\t\t<\/div>\n\t\t\t\t<\/div>\n\t\t\t\t<div class=\"elementor-element elementor-element-6187baa elementor-widget elementor-widget-text-editor\" data-id=\"6187baa\" data-element_type=\"widget\" data-widget_type=\"text-editor.default\">\n\t\t\t\t<div class=\"elementor-widget-container\">\n\t\t\t\t\t\t\t\t\t<p>Oferim assessorament directe, professional i clar a les empreses i aut\u00f2noms, ajustat a les teves necessitats.<\/p><p>Cada empresa i aut\u00f2nom t\u00e9 diferents obligacions fiscals, comptables o laborals; per aix\u00f2, ens adaptem a les teves caracter\u00edstiques per oferir-te un servei personalitzat.<br \/>Pretenem ser una part m\u00e9s de la teva empresa perqu\u00e8 tu et puguis ocupar del que realment importa: l\u2019\u00e8xit del teu negoci.<\/p><p>La confian\u00e7a i fidelitat dels nostres clients ens incentiven a seguir formant-nos per ser, cada dia, millors professionals i oferir un servei de qualitat, basat en el coneixement, la professionalitat i la transpar\u00e8ncia.<\/p>\t\t\t\t\t\t\t\t<\/div>\n\t\t\t\t<\/div>\n\t\t\t\t\t<\/div>\n\t\t\t\t<\/div>\n\t\t<div class=\"elementor-element elementor-element-c724b96 e-flex e-con-boxed e-con e-parent\" data-id=\"c724b96\" data-element_type=\"container\" data-settings=\"{&quot;background_background&quot;:&quot;classic&quot;}\">\n\t\t\t\t\t<div class=\"e-con-inner\">\n\t\t<div class=\"elementor-element elementor-element-412ee0a e-con-full e-flex e-con e-child\" data-id=\"412ee0a\" data-element_type=\"container\">\n\t\t\t\t<div class=\"elementor-element elementor-element-4705f52 elementor-invisible elementor-widget elementor-widget-image\" data-id=\"4705f52\" data-element_type=\"widget\" data-settings=\"{&quot;_animation&quot;:&quot;fadeIn&quot;}\" data-widget_type=\"image.default\">\n\t\t\t\t<div class=\"elementor-widget-container\">\n\t\t\t\t\t\t\t\t\t\t\t\t\t\t\t<img alt=\"\" loading=\"lazy\" decoding=\"async\" width=\"705\" height=\"705\" src=\"https:\/\/www.byr.cat\/wp-content\/uploads\/2025\/05\/asesoramiento_contable.jpg\" class=\"attachment-large size-large wp-image-533\" alt=\"\" srcset=\"https:\/\/www.byr.cat\/wp-content\/uploads\/2025\/05\/asesoramiento_contable.jpg 705w, https:\/\/www.byr.cat\/wp-content\/uploads\/2025\/05\/asesoramiento_contable-300x300.jpg 300w, https:\/\/www.byr.cat\/wp-content\/uploads\/2025\/05\/asesoramiento_contable-150x150.jpg 150w\" sizes=\"(max-width: 705px) 100vw, 705px\" \/>\t\t\t\t\t\t\t\t\t\t\t\t\t\t\t<\/div>\n\t\t\t\t<\/div>\n\t\t\t\t<\/div>\n\t\t<div class=\"elementor-element elementor-element-b6ffcc4 e-con-full e-flex e-con e-child\" data-id=\"b6ffcc4\" data-element_type=\"container\">\n\t\t\t\t<div class=\"elementor-element elementor-element-87717f9 elementor-widget elementor-widget-heading\" data-id=\"87717f9\" data-element_type=\"widget\" data-widget_type=\"heading.default\">\n\t\t\t\t<div class=\"elementor-widget-container\">\n\t\t\t\t\t<h2 class=\"elementor-heading-title elementor-size-default\">Assessorament fiscal i comptable<\/h2>\t\t\t\t<\/div>\n\t\t\t\t<\/div>\n\t\t\t\t<div class=\"elementor-element elementor-element-b695c30 elementor-widget elementor-widget-text-editor\" data-id=\"b695c30\" data-element_type=\"widget\" data-widget_type=\"text-editor.default\">\n\t\t\t\t<div class=\"elementor-widget-container\">\n\t\t\t\t\t\t\t\t\t<p>Saber que drets i obligacions es tenen en ser Aut\u00f2nom\/a o formar una Empresa \u00e9s primordial per al bon funcionament del teu negoci.<br \/>Hi ha molts aspectes ha tenir en compte, com a quins impostos s&#8217;han de presentar, que factures es poden comptabilitzar, dubtes o requisits que sorgeixen durant el funcionament de la teva activitat, s\u00f3n alguns d&#8217;ells.<br \/>Nosaltres comptabilitzarem les teves factures, elaborarem els teus impostos i tindr\u00e0s assessorament personalitzat.<\/p>\t\t\t\t\t\t\t\t<\/div>\n\t\t\t\t<\/div>\n\t\t\t\t<div class=\"elementor-element elementor-element-012154c elementor-widget elementor-widget-button\" data-id=\"012154c\" data-element_type=\"widget\" data-widget_type=\"button.default\">\n\t\t\t\t<div class=\"elementor-widget-container\">\n\t\t\t\t\t\t\t\t\t<div class=\"elementor-button-wrapper\">\n\t\t\t\t\t<a class=\"elementor-button elementor-button-link elementor-size-sm\" href=\"https:\/\/www.byr.cat\/assessoria-fiscal-i-comptable\/\">\n\t\t\t\t\t\t<span class=\"elementor-button-content-wrapper\">\n\t\t\t\t\t\t\t\t\t<span class=\"elementor-button-text\">M\u00e9s informaci\u00f3<\/span>\n\t\t\t\t\t<\/span>\n\t\t\t\t\t<\/a>\n\t\t\t\t<\/div>\n\t\t\t\t\t\t\t\t<\/div>\n\t\t\t\t<\/div>\n\t\t\t\t<\/div>\n\t\t\t\t\t<\/div>\n\t\t\t\t<\/div>\n\t\t<div class=\"elementor-element elementor-element-6d37a6b e-flex e-con-boxed e-con e-parent\" data-id=\"6d37a6b\" data-element_type=\"container\" data-settings=\"{&quot;background_background&quot;:&quot;classic&quot;}\">\n\t\t\t\t\t<div class=\"e-con-inner\">\n\t\t<div class=\"elementor-element elementor-element-6af9cda e-con-full e-flex e-con e-child\" data-id=\"6af9cda\" data-element_type=\"container\">\n\t\t\t\t<div class=\"elementor-element elementor-element-4705efe elementor-widget elementor-widget-heading\" data-id=\"4705efe\" data-element_type=\"widget\" data-widget_type=\"heading.default\">\n\t\t\t\t<div class=\"elementor-widget-container\">\n\t\t\t\t\t<h2 class=\"elementor-heading-title elementor-size-default\">Assessorament laboral<\/h2>\t\t\t\t<\/div>\n\t\t\t\t<\/div>\n\t\t\t\t<div class=\"elementor-element elementor-element-b37e98e elementor-widget elementor-widget-text-editor\" data-id=\"b37e98e\" data-element_type=\"widget\" data-widget_type=\"text-editor.default\">\n\t\t\t\t<div class=\"elementor-widget-container\">\n\t\t\t\t\t\t\t\t\t<p>L&#8217;aut\u00f2nom\/a o Empresa ha d&#8217;estar ben informat de totes les obligacions que representa contractar treballadors\/as.<br \/>Nosaltres t&#8217;ensenyem les diferents modalitats de contractaci\u00f3 vigents, ens encarreguem dels tr\u00e0mits i tasques a realitzar durant la vida laboral del teu negoci.\u00a0<\/p>\t\t\t\t\t\t\t\t<\/div>\n\t\t\t\t<\/div>\n\t\t\t\t<div class=\"elementor-element elementor-element-52814b7 elementor-widget elementor-widget-button\" data-id=\"52814b7\" data-element_type=\"widget\" data-widget_type=\"button.default\">\n\t\t\t\t<div class=\"elementor-widget-container\">\n\t\t\t\t\t\t\t\t\t<div class=\"elementor-button-wrapper\">\n\t\t\t\t\t<a class=\"elementor-button elementor-button-link elementor-size-sm\" href=\"https:\/\/www.byr.cat\/assessoria-laboral\/\">\n\t\t\t\t\t\t<span class=\"elementor-button-content-wrapper\">\n\t\t\t\t\t\t\t\t\t<span class=\"elementor-button-text\">M\u00e9s informaci\u00f3<\/span>\n\t\t\t\t\t<\/span>\n\t\t\t\t\t<\/a>\n\t\t\t\t<\/div>\n\t\t\t\t\t\t\t\t<\/div>\n\t\t\t\t<\/div>\n\t\t\t\t<\/div>\n\t\t<div class=\"elementor-element elementor-element-c75dbeb e-con-full e-flex e-con e-child\" data-id=\"c75dbeb\" data-element_type=\"container\">\n\t\t\t\t<div class=\"elementor-element elementor-element-37b979c elementor-invisible elementor-widget elementor-widget-image\" data-id=\"37b979c\" data-element_type=\"widget\" data-settings=\"{&quot;_animation&quot;:&quot;fadeIn&quot;}\" data-widget_type=\"image.default\">\n\t\t\t\t<div class=\"elementor-widget-container\">\n\t\t\t\t\t\t\t\t\t\t\t\t\t\t\t<img alt=\"\" loading=\"lazy\" decoding=\"async\" width=\"800\" height=\"559\" src=\"https:\/\/www.byr.cat\/wp-content\/uploads\/2025\/05\/asesoramiento_laboral_Depositphotos_52450153_XL-1.jpg\" class=\"attachment-large size-large wp-image-259\" alt=\"\" srcset=\"https:\/\/www.byr.cat\/wp-content\/uploads\/2025\/05\/asesoramiento_laboral_Depositphotos_52450153_XL-1.jpg 858w, https:\/\/www.byr.cat\/wp-content\/uploads\/2025\/05\/asesoramiento_laboral_Depositphotos_52450153_XL-1-300x209.jpg 300w, https:\/\/www.byr.cat\/wp-content\/uploads\/2025\/05\/asesoramiento_laboral_Depositphotos_52450153_XL-1-768x536.jpg 768w\" sizes=\"(max-width: 800px) 100vw, 800px\" \/>\t\t\t\t\t\t\t\t\t\t\t\t\t\t\t<\/div>\n\t\t\t\t<\/div>\n\t\t\t\t<\/div>\n\t\t\t\t\t<\/div>\n\t\t\t\t<\/div>\n\t\t<div class=\"elementor-element elementor-element-b16b245 e-flex e-con-boxed e-con e-parent\" data-id=\"b16b245\" data-element_type=\"container\" data-settings=\"{&quot;background_background&quot;:&quot;classic&quot;}\">\n\t\t\t\t\t<div class=\"e-con-inner\">\n\t\t<div class=\"elementor-element elementor-element-21a214e e-con-full e-flex e-con e-child\" data-id=\"21a214e\" data-element_type=\"container\">\n\t\t\t\t<div class=\"elementor-element elementor-element-7a7254a elementor-invisible elementor-widget elementor-widget-image\" data-id=\"7a7254a\" data-element_type=\"widget\" data-settings=\"{&quot;_animation&quot;:&quot;fadeIn&quot;}\" data-widget_type=\"image.default\">\n\t\t\t\t<div class=\"elementor-widget-container\">\n\t\t\t\t\t\t\t\t\t\t\t\t\t\t\t<img alt=\"\" loading=\"lazy\" decoding=\"async\" width=\"800\" height=\"598\" src=\"https:\/\/www.byr.cat\/wp-content\/uploads\/2025\/05\/autonomos_Depositphotos_666899854_XL-1.jpg\" class=\"attachment-large size-large wp-image-261\" alt=\"\" srcset=\"https:\/\/www.byr.cat\/wp-content\/uploads\/2025\/05\/autonomos_Depositphotos_666899854_XL-1.jpg 858w, https:\/\/www.byr.cat\/wp-content\/uploads\/2025\/05\/autonomos_Depositphotos_666899854_XL-1-300x224.jpg 300w, https:\/\/www.byr.cat\/wp-content\/uploads\/2025\/05\/autonomos_Depositphotos_666899854_XL-1-768x574.jpg 768w\" sizes=\"(max-width: 800px) 100vw, 800px\" \/>\t\t\t\t\t\t\t\t\t\t\t\t\t\t\t<\/div>\n\t\t\t\t<\/div>\n\t\t\t\t<\/div>\n\t\t<div class=\"elementor-element elementor-element-de6e5cf e-con-full e-flex e-con e-child\" data-id=\"de6e5cf\" data-element_type=\"container\">\n\t\t\t\t<div class=\"elementor-element elementor-element-cd78abe elementor-widget elementor-widget-heading\" data-id=\"cd78abe\" data-element_type=\"widget\" data-widget_type=\"heading.default\">\n\t\t\t\t<div class=\"elementor-widget-container\">\n\t\t\t\t\t<h2 class=\"elementor-heading-title elementor-size-default\">Nous aut\u00f3noms i empreses<\/h2>\t\t\t\t<\/div>\n\t\t\t\t<\/div>\n\t\t\t\t<div class=\"elementor-element elementor-element-6f98b49 elementor-widget elementor-widget-text-editor\" data-id=\"6f98b49\" data-element_type=\"widget\" data-widget_type=\"text-editor.default\">\n\t\t\t\t<div class=\"elementor-widget-container\">\n\t\t\t\t\t\t\t\t\t<p>Vols ser aut\u00f2nom o crear Empresa? Has d&#8217;informar-te b\u00e9 de tots els tr\u00e0mits i tasques aix\u00ed com la gran varietat de q\u00fcestions a tenir en compte. Nosaltres com a experts professionals amb m\u00e9s de 25 anys d&#8217;experi\u00e8ncia aclarirem els teus dubtes i farem tots els tr\u00e0mits necessaris per a l&#8217;engegar del teu negoci.<\/p>\t\t\t\t\t\t\t\t<\/div>\n\t\t\t\t<\/div>\n\t\t\t\t<div class=\"elementor-element elementor-element-ab0b0c4 elementor-widget elementor-widget-button\" data-id=\"ab0b0c4\" data-element_type=\"widget\" data-widget_type=\"button.default\">\n\t\t\t\t<div class=\"elementor-widget-container\">\n\t\t\t\t\t\t\t\t\t<div class=\"elementor-button-wrapper\">\n\t\t\t\t\t<a class=\"elementor-button elementor-button-link elementor-size-sm\" href=\"https:\/\/www.byr.cat\/nous-autonoms\/\">\n\t\t\t\t\t\t<span class=\"elementor-button-content-wrapper\">\n\t\t\t\t\t\t\t\t\t<span class=\"elementor-button-text\">M\u00e9s informaci\u00f3<\/span>\n\t\t\t\t\t<\/span>\n\t\t\t\t\t<\/a>\n\t\t\t\t<\/div>\n\t\t\t\t\t\t\t\t<\/div>\n\t\t\t\t<\/div>\n\t\t\t\t<\/div>\n\t\t\t\t\t<\/div>\n\t\t\t\t<\/div>\n\t\t<div class=\"elementor-element elementor-element-1c123b9 e-flex e-con-boxed e-con e-parent\" data-id=\"1c123b9\" data-element_type=\"container\" data-settings=\"{&quot;background_background&quot;:&quot;classic&quot;}\">\n\t\t\t\t\t<div class=\"e-con-inner\">\n\t\t<div class=\"elementor-element elementor-element-cc81c08 e-con-full e-flex e-con e-child\" data-id=\"cc81c08\" data-element_type=\"container\">\n\t\t\t\t<div class=\"elementor-element elementor-element-fd79ad1 elementor-widget elementor-widget-heading\" data-id=\"fd79ad1\" data-element_type=\"widget\" data-widget_type=\"heading.default\">\n\t\t\t\t<div class=\"elementor-widget-container\">\n\t\t\t\t\t<h2 class=\"elementor-heading-title elementor-size-default\">Declaraci\u00f3 de la renda<\/h2>\t\t\t\t<\/div>\n\t\t\t\t<\/div>\n\t\t\t\t<div class=\"elementor-element elementor-element-f186f90 elementor-widget elementor-widget-text-editor\" data-id=\"f186f90\" data-element_type=\"widget\" data-widget_type=\"text-editor.default\">\n\t\t\t\t<div class=\"elementor-widget-container\">\n\t\t\t\t\t\t\t\t\t<p>S\u00f3n moltes q\u00fcestions a tenir en compte a l&#8217;hora de fer la Declaraci\u00f3 de Renda.<br \/>Aspectes com saber si es t\u00e9 la obligac\u00edon o sense tenir-la si \u00e9s m\u00e9s benefici\u00f3s fer-la per recuperar les retencions o cobrar alguna ajuda la qual dret.<br \/>El nostre tracte \u00e9s personal, proper, respectu\u00f3s, t&#8217;assessorem de tot el que s&#8217;ha de declarar o pots deduir segons la teva situaci\u00f3 personal.<\/p>\t\t\t\t\t\t\t\t<\/div>\n\t\t\t\t<\/div>\n\t\t\t\t<div class=\"elementor-element elementor-element-89da18f elementor-widget elementor-widget-button\" data-id=\"89da18f\" data-element_type=\"widget\" data-widget_type=\"button.default\">\n\t\t\t\t<div class=\"elementor-widget-container\">\n\t\t\t\t\t\t\t\t\t<div class=\"elementor-button-wrapper\">\n\t\t\t\t\t<a class=\"elementor-button elementor-button-link elementor-size-sm\" href=\"https:\/\/www.byr.cat\/declaracio-renda\/\">\n\t\t\t\t\t\t<span class=\"elementor-button-content-wrapper\">\n\t\t\t\t\t\t\t\t\t<span class=\"elementor-button-text\">M\u00e9s informaci\u00f3<\/span>\n\t\t\t\t\t<\/span>\n\t\t\t\t\t<\/a>\n\t\t\t\t<\/div>\n\t\t\t\t\t\t\t\t<\/div>\n\t\t\t\t<\/div>\n\t\t\t\t<\/div>\n\t\t<div class=\"elementor-element elementor-element-011b4d4 e-con-full e-flex e-con e-child\" data-id=\"011b4d4\" data-element_type=\"container\">\n\t\t\t\t<div class=\"elementor-element elementor-element-f72e287 elementor-invisible elementor-widget elementor-widget-image\" data-id=\"f72e287\" data-element_type=\"widget\" data-settings=\"{&quot;_animation&quot;:&quot;fadeIn&quot;}\" data-widget_type=\"image.default\">\n\t\t\t\t<div class=\"elementor-widget-container\">\n\t\t\t\t\t\t\t\t\t\t\t\t\t\t\t<img alt=\"\" loading=\"lazy\" decoding=\"async\" width=\"500\" height=\"480\" src=\"https:\/\/www.byr.cat\/wp-content\/uploads\/2025\/05\/imagen_declaracion.jpg\" class=\"attachment-large size-large wp-image-275\" alt=\"\" srcset=\"https:\/\/www.byr.cat\/wp-content\/uploads\/2025\/05\/imagen_declaracion.jpg 500w, https:\/\/www.byr.cat\/wp-content\/uploads\/2025\/05\/imagen_declaracion-300x288.jpg 300w\" sizes=\"(max-width: 500px) 100vw, 500px\" \/>\t\t\t\t\t\t\t\t\t\t\t\t\t\t\t<\/div>\n\t\t\t\t<\/div>\n\t\t\t\t<\/div>\n\t\t\t\t\t<\/div>\n\t\t\t\t<\/div>\n\t\t<div class=\"elementor-element elementor-element-28f2c37 e-flex e-con-boxed e-con e-parent\" data-id=\"28f2c37\" data-element_type=\"container\" data-settings=\"{&quot;background_background&quot;:&quot;classic&quot;}\">\n\t\t\t\t\t<div class=\"e-con-inner\">\n\t\t<div class=\"elementor-element elementor-element-ccbb32a e-con-full e-flex e-con e-child\" data-id=\"ccbb32a\" data-element_type=\"container\">\n\t\t\t\t<div class=\"elementor-element elementor-element-f298c22 elementor-invisible elementor-widget elementor-widget-image\" data-id=\"f298c22\" data-element_type=\"widget\" data-settings=\"{&quot;_animation&quot;:&quot;fadeIn&quot;}\" data-widget_type=\"image.default\">\n\t\t\t\t<div class=\"elementor-widget-container\">\n\t\t\t\t\t\t\t\t\t\t\t\t\t\t\t<img alt=\"\" loading=\"lazy\" decoding=\"async\" width=\"800\" height=\"489\" src=\"https:\/\/www.byr.cat\/wp-content\/uploads\/2025\/05\/imagen_altres_serveis-1024x626.jpg\" class=\"attachment-large size-large wp-image-273\" alt=\"\" srcset=\"https:\/\/www.byr.cat\/wp-content\/uploads\/2025\/05\/imagen_altres_serveis-1024x626.jpg 1024w, https:\/\/www.byr.cat\/wp-content\/uploads\/2025\/05\/imagen_altres_serveis-300x183.jpg 300w, https:\/\/www.byr.cat\/wp-content\/uploads\/2025\/05\/imagen_altres_serveis-768x469.jpg 768w, https:\/\/www.byr.cat\/wp-content\/uploads\/2025\/05\/imagen_altres_serveis.jpg 1070w\" sizes=\"(max-width: 800px) 100vw, 800px\" \/>\t\t\t\t\t\t\t\t\t\t\t\t\t\t\t<\/div>\n\t\t\t\t<\/div>\n\t\t\t\t<\/div>\n\t\t<div class=\"elementor-element elementor-element-b1c1377 e-con-full e-flex e-con e-child\" data-id=\"b1c1377\" data-element_type=\"container\">\n\t\t\t\t<div class=\"elementor-element elementor-element-8e07277 elementor-widget elementor-widget-heading\" data-id=\"8e07277\" data-element_type=\"widget\" data-widget_type=\"heading.default\">\n\t\t\t\t<div class=\"elementor-widget-container\">\n\t\t\t\t\t<h2 class=\"elementor-heading-title elementor-size-default\">Altres serveis<\/h2>\t\t\t\t<\/div>\n\t\t\t\t<\/div>\n\t\t\t\t<div class=\"elementor-element elementor-element-a34e3b3 elementor-widget elementor-widget-text-editor\" data-id=\"a34e3b3\" data-element_type=\"widget\" data-widget_type=\"text-editor.default\">\n\t\t\t\t<div class=\"elementor-widget-container\">\n\t\t\t\t\t\t\t\t\t<p>T&#8217;oferim altres serveis com a confecci\u00f3 i tramitaci\u00f3 de declaracions de Renda, Contractes Mercantils, Her\u00e8ncies i Donacions, Dret Civil-Mercantil-Laboral etc&#8230; Deixeu-nos ajudar-vos.<\/p>\t\t\t\t\t\t\t\t<\/div>\n\t\t\t\t<\/div>\n\t\t\t\t<div class=\"elementor-element elementor-element-d59bd8f elementor-widget elementor-widget-button\" data-id=\"d59bd8f\" data-element_type=\"widget\" data-widget_type=\"button.default\">\n\t\t\t\t<div class=\"elementor-widget-container\">\n\t\t\t\t\t\t\t\t\t<div class=\"elementor-button-wrapper\">\n\t\t\t\t\t<a class=\"elementor-button elementor-button-link elementor-size-sm\" href=\"https:\/\/www.byr.cat\/altres-serveis\/\">\n\t\t\t\t\t\t<span class=\"elementor-button-content-wrapper\">\n\t\t\t\t\t\t\t\t\t<span class=\"elementor-button-text\">M\u00e9s informaci\u00f3<\/span>\n\t\t\t\t\t<\/span>\n\t\t\t\t\t<\/a>\n\t\t\t\t<\/div>\n\t\t\t\t\t\t\t\t<\/div>\n\t\t\t\t<\/div>\n\t\t\t\t<\/div>\n\t\t\t\t\t<\/div>\n\t\t\t\t<\/div>\n\t\t<div class=\"elementor-element elementor-element-43bbf9f e-con-full e-flex e-con e-parent\" data-id=\"43bbf9f\" data-element_type=\"container\">\n\t\t\t\t<div class=\"elementor-element elementor-element-f92101d elementor-widget elementor-widget-google_maps\" data-id=\"f92101d\" data-element_type=\"widget\" data-widget_type=\"google_maps.default\">\n\t\t\t\t<div class=\"elementor-widget-container\">\n\t\t\t\t\t\t\t<div class=\"elementor-custom-embed\">\n\t\t\t<iframe loading=\"lazy\"\n\t\t\t\t\tsrc=\"https:\/\/maps.google.com\/maps?q=C.%20Major%2C%2029%E2%80%A808860%20Castelldefels%2C%20%E2%80%A8Barcelona&#038;t=m&#038;z=15&#038;output=embed&#038;iwloc=near\"\n\t\t\t\t\ttitle=\"C. Major, 29\u202808860 Castelldefels, \u2028Barcelona\"\n\t\t\t\t\taria-label=\"C. Major, 29\u202808860 Castelldefels, \u2028Barcelona\"\n\t\t\t><\/iframe>\n\t\t<\/div>\n\t\t\t\t\t\t<\/div>\n\t\t\t\t<\/div>\n\t\t\t\t<\/div>\n\t\t\t\t<\/div>\n\t\t","protected":false},"excerpt":{"rendered":"<p>Assessorament directe, professional i clar LABORAL FISCAL comptable MERCANTIL Som una assessoria i gestoria de Castelldefels experta em temes fiscals, comptables, laborals i mercantils des de fa m\u00e9s de 35 anys. Oferim assessorament directe, professional i clar a les empreses i aut\u00f2noms, ajustat a les teves necessitats. Cada empresa i aut\u00f2nom t\u00e9 diferents obligacions fiscals, [&hellip;]<\/p>\n","protected":false},"author":1,"featured_media":0,"parent":0,"menu_order":0,"comment_status":"closed","ping_status":"closed","template":"","meta":{"_seopress_robots_primary_cat":"","_seopress_titles_title":"","_seopress_titles_desc":"","_seopress_robots_index":"","footnotes":""},"class_list":["post-8","page","type-page","status-publish","hentry"],"_links":{"self":[{"href":"https:\/\/www.byr.cat\/ca\/wp-json\/wp\/v2\/pages\/8","targetHints":{"allow":["GET"]}}],"collection":[{"href":"https:\/\/www.byr.cat\/ca\/wp-json\/wp\/v2\/pages"}],"about":[{"href":"https:\/\/www.byr.cat\/ca\/wp-json\/wp\/v2\/types\/page"}],"author":[{"embeddable":true,"href":"https:\/\/www.byr.cat\/ca\/wp-json\/wp\/v2\/users\/1"}],"replies":[{"embeddable":true,"href":"https:\/\/www.byr.cat\/ca\/wp-json\/wp\/v2\/comments?post=8"}],"version-history":[{"count":50,"href":"https:\/\/www.byr.cat\/ca\/wp-json\/wp\/v2\/pages\/8\/revisions"}],"predecessor-version":[{"id":582,"href":"https:\/\/www.byr.cat\/ca\/wp-json\/wp\/v2\/pages\/8\/revisions\/582"}],"wp:attachment":[{"href":"https:\/\/www.byr.cat\/ca\/wp-json\/wp\/v2\/media?parent=8"}],"curies":[{"name":"wp","href":"https:\/\/api.w.org\/{rel}","templated":true}]}}