{"id":504,"date":"2025-05-08T03:47:27","date_gmt":"2025-05-08T01:47:27","guid":{"rendered":"https:\/\/www.byr.cat\/?page_id=504"},"modified":"2025-05-15T16:17:15","modified_gmt":"2025-05-15T14:17:15","slug":"politica-de-cookies","status":"publish","type":"page","link":"https:\/\/www.byr.cat\/ca\/politica-de-cookies\/","title":{"rendered":"Pol\u00edtica de cookies"},"content":{"rendered":"\t\t<div data-elementor-type=\"wp-page\" data-elementor-id=\"504\" class=\"elementor elementor-504 elementor-81\" data-elementor-post-type=\"page\">\n\t\t\t\t<div class=\"elementor-element elementor-element-53753461 e-flex e-con-boxed e-con e-parent\" data-id=\"53753461\" data-element_type=\"container\">\n\t\t\t\t\t<div class=\"e-con-inner\">\n\t\t<div class=\"elementor-element elementor-element-a1f18c7 e-con-full e-flex e-con e-child\" data-id=\"a1f18c7\" data-element_type=\"container\">\n\t\t\t\t<div class=\"elementor-element elementor-element-59f3d8b elementor-widget elementor-widget-heading\" data-id=\"59f3d8b\" data-element_type=\"widget\" data-widget_type=\"heading.default\">\n\t\t\t\t<div class=\"elementor-widget-container\">\n\t\t\t\t\t<span class=\"elementor-heading-title elementor-size-default\">Inicio \/<\/span>\t\t\t\t<\/div>\n\t\t\t\t<\/div>\n\t\t\t\t<div class=\"elementor-element elementor-element-77bdc8c elementor-widget elementor-widget-heading\" data-id=\"77bdc8c\" data-element_type=\"widget\" data-widget_type=\"heading.default\">\n\t\t\t\t<div class=\"elementor-widget-container\">\n\t\t\t\t\t<span class=\"elementor-heading-title elementor-size-default\">Pol\u00edtica de cookies<\/span>\t\t\t\t<\/div>\n\t\t\t\t<\/div>\n\t\t\t\t<\/div>\n\t\t<div class=\"elementor-element elementor-element-f24be8b e-con-full e-flex e-con e-child\" data-id=\"f24be8b\" data-element_type=\"container\">\n\t\t\t\t<div class=\"elementor-element elementor-element-4ed2ad9 elementor-widget elementor-widget-heading\" data-id=\"4ed2ad9\" data-element_type=\"widget\" data-widget_type=\"heading.default\">\n\t\t\t\t<div class=\"elementor-widget-container\">\n\t\t\t\t\t<span class=\"elementor-heading-title elementor-size-default\">Pol\u00edtica de cookies<\/span>\t\t\t\t<\/div>\n\t\t\t\t<\/div>\n\t\t\t\t<\/div>\n\t\t\t\t<div class=\"elementor-element elementor-element-5674e674 elementor-widget elementor-widget-text-editor\" data-id=\"5674e674\" data-element_type=\"widget\" data-widget_type=\"text-editor.default\">\n\t\t\t\t<div class=\"elementor-widget-container\">\n\t\t\t\t\t\t\t\t\t<div class=\"brcm-body\"><p>Una &#8220;Cookie&#8221; \u00e9s un petit arxiu que s\u2019emmagatzema a l\u2019ordinador de l\u2019usuari i ens permet recon\u00e8ixer-lo. El conjunt de &#8220;cookies&#8221; ens ajuda a millorar la qualitat del nostre web, permetent-nos controlar quines p\u00e0gines s\u00f3n \u00fatils per als nostres usuaris i quines no.<\/p><p>Les cookies s\u00f3n essencials per al funcionament d\u2019internet, aportant innumerables avantatges en la prestaci\u00f3 de serveis interactius, facilitant-li la navegaci\u00f3 i operativitat del nostre lloc web. Tingui en compte que les cookies no poden espatllar el seu equip i que, a canvi, el fet que estiguin activades ens ajuda a identificar i resoldre els errors.<\/p><p>La informaci\u00f3 que li proporcionem a continuaci\u00f3, l\u2019ajudar\u00e0 a comprendre els diferents tipus de cookies:<\/p><p>Les cookies de sessi\u00f3 s\u00f3n memoritzades i \u00fanicament tenen validesa temporal, \u00e9s a dir, fins que l&#8217;usuari finalitza la navegaci\u00f3 pel lloc web. Aquestes cookies no graven de manera permanent cap informaci\u00f3 al disc dur del seu ordinador.<\/p><h2>Cookies de sessi\u00f3:<\/h2><p>S\u00f3n cookies temporals que romanen a l\u2019arxiu de cookies del seu navegador fins al moment en qu\u00e8 abandona el lloc web, pel que cap d\u2019aquestes queda registrada al disc dur de l\u2019usuari. La informaci\u00f3 obtinguda per mitj\u00e0 d\u2019aquestes cookies, serveixen per analitzar pautes de tr\u00e0nsit al web. A la llarga, aquest fet ens permet proporcionar una millor experi\u00e8ncia per a millorar el contingut i facilitant-ne el seu \u00fas.<\/p><h2>Cookies permanents:<\/h2><p>S\u00f3n emmagatzemades al disc dur i el nostre web les llegeix cada cop que vost\u00e8 torna a visitar-lo. Aquestes cookies compten amb una data d\u2019expiraci\u00f3 determinada despr\u00e9s de la qual\u00a0 deixar\u00e0 de funcionar.<\/p><p>A continuaci\u00f3 publiquem una relaci\u00f3 de les principals cookies utilitzades al nostre Web, distingint:<\/p><ul><li><strong>Les cookies estrictament necess\u00e0ries,\u00a0<\/strong>com per exemple, aquelles que serveixen per a una correcta navegaci\u00f3 o les que permeten realitzar serveis sol\u00b7licitats per l\u2019usuari o cookies que serveixen per a garantir que el contingut del lloc web es carrega efica\u00e7ment.<\/li><li><strong>Les cookies de tercers,\u00a0<\/strong>com per exemple, les utilitzades per xarxes socials, o per complements externs de contingut.<\/li><li>Les\u00a0<strong>cookies anal\u00edtiques,\u00a0<\/strong>compilen dades estad\u00edstiques de l\u2019activitat amb prop\u00f2sits de manteniment peri\u00f2dic i amb l\u2019objectiu de garantir el millor servei possible a l\u2019usuari.<\/li><\/ul><h2>Relaci\u00f3 i descripci\u00f3 de les Cookies que utilitzem al lloc web:<\/h2><p>La taula que publiquem a continuaci\u00f3 recull, de manera esquematitzada, les cookies que utilitzem al nostre lloc web:<\/p><table border=\"1\" cellspacing=\"0\" cellpadding=\"8\"><colgroup> <col width=\"151\" \/> <col width=\"158\" \/> <col width=\"152\" \/> <col width=\"155\" \/><\/colgroup><tbody><tr valign=\"TOP\"><td width=\"151\"><p><strong>Cookie<\/strong><\/p><\/td><td width=\"158\"><p><strong>Nom<\/strong><\/p><\/td><td width=\"152\"><p><strong>Finalitat \/ M\u00e9s informaci\u00f3<\/strong><\/p><\/td><td width=\"155\"><p><strong>Venciment<\/strong><\/p><\/td><\/tr><tr><td colspan=\"4\"><p><strong>www.byrassessors.com<\/strong><\/p><\/td><\/tr><tr valign=\"TOP\"><td rowspan=\"5\" valign=\"TOP\" width=\"151\"><p>Google Analytics<\/p><\/td><td width=\"158\"><p>__utma<\/p><\/td><td width=\"152\"><p><strong>BYR ASSESSORS<\/strong>\u00a0utilitza Google Analytics en el lloc web per a\u00a0<br \/>poder fer un seguiment de l\u2019activitat que s\u2019hi realitza.<\/p><\/td><td width=\"155\"><p>2 anys<\/p><\/td><\/tr><tr valign=\"TOP\"><td width=\"158\"><p>__utmb<\/p><\/td><td width=\"152\"><p>Les cookies de Google Analytics compilen informaci\u00f3 de registre est\u00e0ndard i dades sobre els h\u00e0bits dels visitants de manera an\u00f2nima.<\/p><\/td><td width=\"155\"><p>30 minuts<\/p><\/td><\/tr><tr valign=\"TOP\"><td width=\"158\"><p>__utmc<\/p><\/td><td width=\"152\"><p>M\u00e9s informaci\u00f3<\/p><\/td><td width=\"155\"><p>Sessi\u00f3<\/p><\/td><\/tr><tr valign=\"TOP\"><td width=\"158\"><p>__utmz<\/p><\/td><td width=\"152\"><p><a href=\"https:\/\/developers.google.com\/analytics\/resources\/concepts\/gaConceptsCookies\"><strong>developers.google.com\/analytics\/resources\/<br \/>concepts\/gaConceptsCookies<\/strong><\/a>\u00a0(en angl\u00e8s).<\/p><\/td><td width=\"155\"><p>6 mesos<\/p><\/td><\/tr><tr valign=\"TOP\"><td width=\"158\"><p>_utmv<\/p><\/td><td width=\"152\">\u00a0<\/td><td width=\"155\"><p>2 anys<\/p><\/td><\/tr><tr valign=\"TOP\"><td rowspan=\"12\" valign=\"TOP\" width=\"151\"><p>Cookies google.com<\/p><\/td><td width=\"158\"><p>PREF<\/p><\/td><td width=\"152\"><p>L\u2019\u00fas de serveis de localitzaci\u00f3 com Google Maps implica la instal\u00b7laci\u00f3 d\u2019aquestes cookies<\/p><\/td><td width=\"155\"><p>2 anys<\/p><\/td><\/tr><tr valign=\"TOP\"><td width=\"158\"><p>APISID<\/p><\/td><td width=\"152\"><p>S\u2019utilitzen per a recordar\u00a0 prefer\u00e8ncies de l\u2019usuari durant la seva navegaci\u00f3.\u00a0<\/p><\/td><td width=\"155\"><p>2 anys<\/p><\/td><\/tr><tr valign=\"TOP\"><td width=\"158\"><p>SAPISID<\/p><\/td><td width=\"152\">\u00a0<\/td><td width=\"155\"><p>2 anys<\/p><\/td><\/tr><tr valign=\"TOP\"><td width=\"158\"><p>SSID<\/p><\/td><td width=\"152\">Tamb\u00e9 per al recompte, per part de google, del n\u00famero d\u2019usuaris que utilitzen els mapes<\/td><td width=\"155\"><p>2 anys<\/p><\/td><\/tr><tr valign=\"TOP\"><td width=\"158\"><p>NID<\/p><\/td><td width=\"152\">Per a fer la publicitat m\u00e9s atractiva<\/td><td width=\"155\"><p>6 mesos<\/p><\/td><\/tr><tr valign=\"TOP\"><td width=\"158\"><p>HSID, SID<\/p><\/td><td width=\"152\">I per a proveir de mecanismes de seguretat que evitin l\u2019acc\u00e9s no autoritzat a dades d\u2019acc\u00e9s d\u2019usuaris o la informaci\u00f3 que aquests faciliten en formularis de contacto, p.ex.<\/td><td width=\"155\"><p>2 anys<\/p><\/td><\/tr><tr valign=\"TOP\"><td width=\"158\"><p>OGP,OGPC<\/p><\/td><td width=\"152\">M\u00e9s informaci\u00f3 sobre les cookies de Google a<a href=\"http:\/\/www.google.com\/intl\/ca\/policies\/technologies\/types\"><strong>www.google.com\/intl\/ca\/policies\/technologies\/types<\/strong><\/a>(catal\u00e0)<\/td><td width=\"155\">\u00a0<\/td><\/tr><\/tbody><\/table><h2>Garanties complement\u00e0ries \u2013 Gesti\u00f3 de cookies<\/h2><p>Com a garantia complement\u00e0ria a les anteriorment descrites, el registre de les cookies podr\u00e0 estar subjecte a la seva acceptaci\u00f3 durant la instal\u00b7laci\u00f3 o posada al dia del navegador emprat. Aquesta acceptaci\u00f3 pot en todo moment ser revocada mitjan\u00e7ant les opcions de configuraci\u00f3 de continguts i privacitat disponibles.<\/p><p>Molts navegadors permeten activar un mode privat mitjan\u00e7ant el qual les cookies s\u2019esborren sempre despr\u00e9s de la seva visita. Depenent de cada navegador, aquest mode privat pot tenir diferents noms. A continuaci\u00f3 trobar\u00e0 una llista dels navegadors m\u00e9s comuns i els diferents noms que rep aquest \u201cmode privat\u201d:<\/p><p><strong>Internet Explorer 8\u00a0<\/strong>i superior; InPrivate\u00a0<strong>Safari 2\u00a0<\/strong>i superior; Navegaci\u00f3 Privada<\/p><p><strong>Opera 10.5\u00a0<\/strong>i superior; Navegaci\u00f3 Privada\u00a0<strong>FireFox 3.5\u00a0<\/strong>i superior; Navegaci\u00f3 Privada\u00a0<strong>Google Chrome 10\u00a0<\/strong>i superior; Inc\u00f2gnit<\/p><p><strong>Important:\u00a0<\/strong>Si us plau, llegeixi atentament la secci\u00f3 d\u2019ajuda del seu navegador per a con\u00e8ixer m\u00e9s sobre com activar el \u201cmode privat\u201d. Podr\u00e0 seguir visitant la nostra p\u00e0gina web tot i tenir activat aquest \u201cmode privat\u201d,\u00a0<strong>si b\u00e9 la navegaci\u00f3 per la p\u00e0gina web pot no ser \u00f2ptima i algunes utilitats poden no funcionar correctament<\/strong>.<\/p><\/div>\t\t\t\t\t\t\t\t<\/div>\n\t\t\t\t<\/div>\n\t\t\t\t\t<\/div>\n\t\t\t\t<\/div>\n\t\t\t\t<\/div>\n\t\t","protected":false},"excerpt":{"rendered":"<p>Inicio \/ Una &#8220;Cookie&#8221; \u00e9s un petit arxiu que s\u2019emmagatzema a l\u2019ordinador de l\u2019usuari i ens permet recon\u00e8ixer-lo. El conjunt de &#8220;cookies&#8221; ens ajuda a millorar la qualitat del nostre web, permetent-nos controlar quines p\u00e0gines s\u00f3n \u00fatils per als nostres usuaris i quines no. Les cookies s\u00f3n essencials per al funcionament d\u2019internet, aportant innumerables avantatges [&hellip;]<\/p>\n","protected":false},"author":1,"featured_media":0,"parent":0,"menu_order":0,"comment_status":"closed","ping_status":"closed","template":"","meta":{"_seopress_robots_primary_cat":"","_seopress_titles_title":"","_seopress_titles_desc":"","_seopress_robots_index":"","footnotes":""},"class_list":["post-504","page","type-page","status-publish","hentry"],"_links":{"self":[{"href":"https:\/\/www.byr.cat\/ca\/wp-json\/wp\/v2\/pages\/504","targetHints":{"allow":["GET"]}}],"collection":[{"href":"https:\/\/www.byr.cat\/ca\/wp-json\/wp\/v2\/pages"}],"about":[{"href":"https:\/\/www.byr.cat\/ca\/wp-json\/wp\/v2\/types\/page"}],"author":[{"embeddable":true,"href":"https:\/\/www.byr.cat\/ca\/wp-json\/wp\/v2\/users\/1"}],"replies":[{"embeddable":true,"href":"https:\/\/www.byr.cat\/ca\/wp-json\/wp\/v2\/comments?post=504"}],"version-history":[{"count":16,"href":"https:\/\/www.byr.cat\/ca\/wp-json\/wp\/v2\/pages\/504\/revisions"}],"predecessor-version":[{"id":666,"href":"https:\/\/www.byr.cat\/ca\/wp-json\/wp\/v2\/pages\/504\/revisions\/666"}],"wp:attachment":[{"href":"https:\/\/www.byr.cat\/ca\/wp-json\/wp\/v2\/media?parent=504"}],"curies":[{"name":"wp","href":"https:\/\/api.w.org\/{rel}","templated":true}]}}