{"id":340,"date":"2025-05-11T05:03:03","date_gmt":"2025-05-11T03:03:03","guid":{"rendered":"https:\/\/www.byr.cat\/?page_id=340"},"modified":"2025-05-11T05:12:14","modified_gmt":"2025-05-11T03:12:14","slug":"assessoria-laboral","status":"publish","type":"page","link":"https:\/\/www.byr.cat\/ca\/assessoria-laboral\/","title":{"rendered":"Assessoria laboral"},"content":{"rendered":"\t\t<div data-elementor-type=\"wp-page\" data-elementor-id=\"340\" class=\"elementor elementor-340\" data-elementor-post-type=\"page\">\n\t\t\t\t<div class=\"elementor-element elementor-element-871a70a e-flex e-con-boxed e-con e-parent\" data-id=\"871a70a\" data-element_type=\"container\" data-settings=\"{&quot;background_background&quot;:&quot;classic&quot;}\">\n\t\t\t\t\t<div class=\"e-con-inner\">\n\t\t\t\t\t<\/div>\n\t\t\t\t<\/div>\n\t\t<div class=\"elementor-element elementor-element-e55d293 e-flex e-con-boxed e-con e-parent\" data-id=\"e55d293\" data-element_type=\"container\">\n\t\t\t\t\t<div class=\"e-con-inner\">\n\t\t\t\t<div class=\"elementor-element elementor-element-bd160e9 elementor-widget elementor-widget-heading\" data-id=\"bd160e9\" data-element_type=\"widget\" data-widget_type=\"heading.default\">\n\t\t\t\t<div class=\"elementor-widget-container\">\n\t\t\t\t\t<span class=\"elementor-heading-title elementor-size-default\">Inicio \/<\/span>\t\t\t\t<\/div>\n\t\t\t\t<\/div>\n\t\t\t\t<div class=\"elementor-element elementor-element-ff54dcb elementor-widget elementor-widget-heading\" data-id=\"ff54dcb\" data-element_type=\"widget\" data-widget_type=\"heading.default\">\n\t\t\t\t<div class=\"elementor-widget-container\">\n\t\t\t\t\t<span class=\"elementor-heading-title elementor-size-default\">Assessoria laboral<\/span>\t\t\t\t<\/div>\n\t\t\t\t<\/div>\n\t\t\t\t\t<\/div>\n\t\t\t\t<\/div>\n\t\t<div class=\"elementor-element elementor-element-68afe2a e-flex e-con-boxed e-con e-parent\" data-id=\"68afe2a\" data-element_type=\"container\">\n\t\t\t\t\t<div class=\"e-con-inner\">\n\t\t\t\t<div class=\"elementor-element elementor-element-d50c311 elementor-widget elementor-widget-heading\" data-id=\"d50c311\" data-element_type=\"widget\" data-widget_type=\"heading.default\">\n\t\t\t\t<div class=\"elementor-widget-container\">\n\t\t\t\t\t<h2 class=\"elementor-heading-title elementor-size-default\">Assessoria laboral<\/h2>\t\t\t\t<\/div>\n\t\t\t\t<\/div>\n\t\t\t\t<div class=\"elementor-element elementor-element-50a0d94 elementor-widget elementor-widget-text-editor\" data-id=\"50a0d94\" data-element_type=\"widget\" data-widget_type=\"text-editor.default\">\n\t\t\t\t<div class=\"elementor-widget-container\">\n\t\t\t\t\t\t\t\t\t<p class=\"ds-markdown-paragraph\">Des de la Sol\u00b7licitud del Codi de Compte de Cotitzaci\u00f3, elaboraci\u00f3 de contractes, l&#8217;estudi de les diferents modalitats de contracte, sempre buscant el m\u00e9s adequat per a la teva activitat.<\/p>\n<p class=\"ds-markdown-paragraph\">Hi ha molts aspectes a tenir en compte, nosaltres som experts en l&#8217;assessorament laboral i tramitarem les diferents obligacions i tasques necess\u00e0ries perqu\u00e8 tu nom\u00e9s t&#8217;ocupis del m\u00e9s important: el teu negoci.<\/p>\n<p class=\"ds-markdown-paragraph\">Et detallem els serveis m\u00e9s freq\u00fcents, per\u00f2 disposem de molts uns altres adaptats a la teva activitat. T&#8217;assessorarem quins s\u00f3n els m\u00e9s adequats per a la teva activitat.<\/p>\t\t\t\t\t\t\t\t<\/div>\n\t\t\t\t<\/div>\n\t\t\t\t\t<\/div>\n\t\t\t\t<\/div>\n\t\t<div class=\"elementor-element elementor-element-fbabfab e-flex e-con-boxed e-con e-parent\" data-id=\"fbabfab\" data-element_type=\"container\">\n\t\t\t\t\t<div class=\"e-con-inner\">\n\t\t\t\t<div class=\"elementor-element elementor-element-99e0828 elementor-widget elementor-widget-text-editor\" data-id=\"99e0828\" data-element_type=\"widget\" data-widget_type=\"text-editor.default\">\n\t\t\t\t<div class=\"elementor-widget-container\">\n\t\t\t\t\t\t\t\t\t<ul>\n<li class=\"ds-markdown-paragraph\">Alta d&#8217;empreses a la Seguretat Social. Obertura de nous Centres de treball.<\/li>\n<li class=\"ds-markdown-paragraph\">Altes i Baixes d&#8217;empresaris Aut\u00f2noms i Professionals a la Seguretat Social.<\/li>\n<li class=\"ds-markdown-paragraph\">Altes i Baixes de treballadors per compte ali\u00e8 a la Seguretat Social.<br \/>Sistema Red.<\/li>\n<li class=\"ds-markdown-paragraph\">Contractes de treball INEM &#8211; S.P.E.E. (indefinits, temporals, formaci\u00f3&#8230;) i Sistema Contrata.<\/li>\n<li class=\"ds-markdown-paragraph\">Subvencions i bonificacions en la creaci\u00f3 d&#8217;ocupaci\u00f3.<\/li>\n<li class=\"ds-markdown-paragraph\">N\u00f2mines de salaris i Segurs Socials. TCS i cotitzacions per Sistema Red.<\/li>\n<li class=\"ds-markdown-paragraph\">Cartes de acomiadament, liquidacions i finiquits.<\/li>\n<li class=\"ds-markdown-paragraph\">Nova normativa laboral.<\/li>\n<li class=\"ds-markdown-paragraph\">Inspeccions de Treball i Seguretat Social.<\/li>\n<li class=\"ds-markdown-paragraph\">Inspeccions de Prevenci\u00f3 de Riscos laborals.<\/li>\n<li class=\"ds-markdown-paragraph\">Conciliacions davant el Servei de Mitjaci\u00f3 S.M.A.C.<\/li>\n<li class=\"ds-markdown-paragraph\">Procediments judicials davant els Jutjats del Social.<\/li>\n<li class=\"ds-markdown-paragraph\">Assessorament en relacions laborals i Jur\u00eddic laborals.<\/li>\n<li class=\"ds-markdown-paragraph\">Tramitaci\u00f3 de Pensions.<\/li>\n<\/ul>\t\t\t\t\t\t\t\t<\/div>\n\t\t\t\t<\/div>\n\t\t\t\t\t<\/div>\n\t\t\t\t<\/div>\n\t\t\t\t<\/div>\n\t\t","protected":false},"excerpt":{"rendered":"<p>Inicio \/ Des de la Sol\u00b7licitud del Codi de Compte de Cotitzaci\u00f3, elaboraci\u00f3 de contractes, l&#8217;estudi de les diferents modalitats de contracte, sempre buscant el m\u00e9s adequat per a la teva activitat. Hi ha molts aspectes a tenir en compte, nosaltres som experts en l&#8217;assessorament laboral i tramitarem les diferents obligacions i tasques necess\u00e0ries perqu\u00e8 [&hellip;]<\/p>\n","protected":false},"author":1,"featured_media":0,"parent":0,"menu_order":0,"comment_status":"closed","ping_status":"closed","template":"","meta":{"_seopress_robots_primary_cat":"","_seopress_titles_title":"","_seopress_titles_desc":"","_seopress_robots_index":"","footnotes":""},"class_list":["post-340","page","type-page","status-publish","hentry"],"_links":{"self":[{"href":"https:\/\/www.byr.cat\/ca\/wp-json\/wp\/v2\/pages\/340","targetHints":{"allow":["GET"]}}],"collection":[{"href":"https:\/\/www.byr.cat\/ca\/wp-json\/wp\/v2\/pages"}],"about":[{"href":"https:\/\/www.byr.cat\/ca\/wp-json\/wp\/v2\/types\/page"}],"author":[{"embeddable":true,"href":"https:\/\/www.byr.cat\/ca\/wp-json\/wp\/v2\/users\/1"}],"replies":[{"embeddable":true,"href":"https:\/\/www.byr.cat\/ca\/wp-json\/wp\/v2\/comments?post=340"}],"version-history":[{"count":7,"href":"https:\/\/www.byr.cat\/ca\/wp-json\/wp\/v2\/pages\/340\/revisions"}],"predecessor-version":[{"id":351,"href":"https:\/\/www.byr.cat\/ca\/wp-json\/wp\/v2\/pages\/340\/revisions\/351"}],"wp:attachment":[{"href":"https:\/\/www.byr.cat\/ca\/wp-json\/wp\/v2\/media?parent=340"}],"curies":[{"name":"wp","href":"https:\/\/api.w.org\/{rel}","templated":true}]}}