{"id":315,"date":"2025-05-06T14:18:01","date_gmt":"2025-05-06T12:18:01","guid":{"rendered":"https:\/\/www.byr.cat\/politica-de-privadesa\/"},"modified":"2025-05-15T16:15:11","modified_gmt":"2025-05-15T14:15:11","slug":"politica-de-privadesa","status":"publish","type":"page","link":"https:\/\/www.byr.cat\/ca\/politica-de-privadesa\/","title":{"rendered":"Pol\u00edtica de privacitat"},"content":{"rendered":"\t\t<div data-elementor-type=\"wp-page\" data-elementor-id=\"315\" class=\"elementor elementor-315 elementor-3\" data-elementor-post-type=\"page\">\n\t\t\t\t<div class=\"elementor-element elementor-element-53753461 e-flex e-con-boxed e-con e-parent\" data-id=\"53753461\" data-element_type=\"container\">\n\t\t\t\t\t<div class=\"e-con-inner\">\n\t\t<div class=\"elementor-element elementor-element-56d8f56 e-con-full e-flex e-con e-child\" data-id=\"56d8f56\" data-element_type=\"container\">\n\t\t\t\t<div class=\"elementor-element elementor-element-ca4d267 elementor-widget elementor-widget-heading\" data-id=\"ca4d267\" data-element_type=\"widget\" data-widget_type=\"heading.default\">\n\t\t\t\t<div class=\"elementor-widget-container\">\n\t\t\t\t\t<span class=\"elementor-heading-title elementor-size-default\">Inicio \/<\/span>\t\t\t\t<\/div>\n\t\t\t\t<\/div>\n\t\t\t\t<div class=\"elementor-element elementor-element-2c2782b elementor-widget elementor-widget-heading\" data-id=\"2c2782b\" data-element_type=\"widget\" data-widget_type=\"heading.default\">\n\t\t\t\t<div class=\"elementor-widget-container\">\n\t\t\t\t\t<span class=\"elementor-heading-title elementor-size-default\">Pol\u00edtica de privacitat<\/span>\t\t\t\t<\/div>\n\t\t\t\t<\/div>\n\t\t\t\t<\/div>\n\t\t<div class=\"elementor-element elementor-element-9e5ad7b e-con-full e-flex e-con e-child\" data-id=\"9e5ad7b\" data-element_type=\"container\">\n\t\t\t\t<div class=\"elementor-element elementor-element-c84d66a elementor-widget elementor-widget-heading\" data-id=\"c84d66a\" data-element_type=\"widget\" data-widget_type=\"heading.default\">\n\t\t\t\t<div class=\"elementor-widget-container\">\n\t\t\t\t\t<span class=\"elementor-heading-title elementor-size-default\">Pol\u00edtica de privacitat<\/span>\t\t\t\t<\/div>\n\t\t\t\t<\/div>\n\t\t\t\t<\/div>\n\t\t\t\t<div class=\"elementor-element elementor-element-5674e674 elementor-widget elementor-widget-text-editor\" data-id=\"5674e674\" data-element_type=\"widget\" data-widget_type=\"text-editor.default\">\n\t\t\t\t<div class=\"elementor-widget-container\">\n\t\t\t\t\t\t\t\t\t<p><\/p>\n<p><strong>1. <u>INFORMACI\u00d3 CORPORATIVA<\/u><\/strong><\/p>\n<p><\/p>\n\n<p><\/p>\n<p><\/p>\n<p>En compliment de la Llei Org\u00e0nica 15\/1999, de 13 de desembre, de Protecci\u00f3 de Dades de Car\u00e0cter Personal (LOPD) i la Llei 34\/2002, de 11 de juliol, de serveis de la societat de la informaci\u00f3 i de comer\u00e7 electr\u00f2nic, BYR, S.C.C.L. us informa que \u00e9s titular dels llocs web: <a href=\"http:\/\/byrassessors.com\/\">http:\/\/byrassessors.com\/<\/a> i <a href=\"http:\/\/byr.cat\/\">http:\/\/byr.cat<\/a> d&#8217;acord amb l&#8217;exig\u00e8ncia de l&#8217;article 10 de la mencionada Llei, BYR S.C.C.L., notifica les dades seg\u00fcents: el titular d&#8217;aquesta p\u00e0gina web \u00e9s: BYR, S.C.C.L. amb CIF: F62734017 i Registre de Cooperatives de Catalunya 12431.<\/p>\n<p><\/p>\n<p><\/p>\n<p>L&#8217;adre\u00e7a de correu electr\u00f2nic de contacte amb l&#8217;empresa \u00e9s: <a href=\"mailto:byr@byr.cat\">byr@byr.cat<\/a><\/p>\n<p><\/p>\n<p><\/p>\n<p><strong>2. <u>USUARI I R\u00c8GIM DE RESPONSABILITATS<\/u><\/strong><\/p>\n<p><\/p>\n<p><\/p>\n<p>La navegaci\u00f3 per, acc\u00e9s i \u00fas dels llocs web de BYR, S.C.C.L. atorga la condici\u00f3 d&#8217;usuari, per la qual s&#8217;accepten, en navegar per la p\u00e0gina de BYR, S.C.C.L., totes les condicions d&#8217;\u00fas que s&#8217;estableixen aqu\u00ed sense perjudicar l&#8217;aplicaci\u00f3 de la corresponent normativa d&#8217;obligat compliment legal segons el cas.<\/p>\n<p><\/p>\n<p><\/p>\n<p>La p\u00e0gina web de BYR, S.C.C.L. proporciona gran diversitat d&#8217;informaci\u00f3, serveis i dades. L&#8217;usuari assumeix la seva responsabilitat en l&#8217;\u00fas correcte dels llocs web. Aquesta responsabilitat s&#8217;estendr\u00e0 a: La veracitat i licitud de les informacions aportades per l&#8217;usuari en els formularis emesos per BYR, S.C.C.L. per accedir a determinats continguts o serveis oferts per la web.<\/p>\n<p><\/p>\n<p><\/p>\n<p>L&#8217;\u00fas de la informaci\u00f3, serveis i dades oferts per BYR, S.C.C.L. contra les disposicions d&#8217;aquestes condicions, la Llei, la moral, les bones costums o l&#8217;ordre p\u00fablic o que, en un altre cas, puguin suposar lesi\u00f3 dels drets de tercers o del funcionament dels llocs web.<\/p>\n<p><\/p>\n<p><\/p>\n<p>A tal efecte, l&#8217;Usuari s&#8217;abstindr\u00e0 d&#8217;utilitzar qualsevol dels continguts amb fins o efectes il\u00b7l\u00edcits, prohibits en aquest text, lesius dels drets i interessos de tercers, o que de qualsevol forma puguin danyar, inutilitzar, sobrecarregar, deteriorar o impedir la utilitzaci\u00f3 normal dels continguts, altres Usuaris o de qualsevol usuari d&#8217;Internet (hardware i software).<\/p>\n<p><\/p>\n<p><\/p>\n<p>Els usuaris respondran dels danys i perjudicis de tota naturalesa que l&#8217;empresa propiet\u00e0ria de la web pugui patir, directa o indirecta, com a conseq\u00fc\u00e8ncia d&#8217;incompliment de qualsevol de les obligacions derivades de l&#8217;\u00fas de la Web i d&#8217;aquesta pol\u00edtica de privacitat.<\/p>\n<p><\/p>\n<p><\/p>\n<p>En particular, i a t\u00edtol merament indicatiu i no exhaustiu, l&#8217;Usuari es compromet a no transmetre, difondre o posar a disposici\u00f3 de tercers informacions, dades, continguts, missatges, gr\u00e0fics, dibuixos, arxius de so i\/o imatge, fotografies de la web.<\/p>\n<p><\/p>\n<p><\/p>\n<p><strong>3. <u>POL\u00cdTICA D&#8217;ENLLA\u00c7OS I EXEMPCI\u00d3 DE RESPONSABILITAT<\/u><\/strong><\/p>\n<p><\/p>\n<p><\/p>\n<p>BYR, S.C.C.L. no es fa responsable del contingut de les p\u00e0gines web a les quals pugui accedir l&#8217;usuari a trav\u00e9s dels enllacons establerts als seus llocs web i declara que en cap cas examinar\u00e0 ni exercir\u00e0 cap tipus de control sobre el contingut d&#8217;altres p\u00e0gines de la xarxa.<\/p>\n<p><\/p>\n<p><\/p>\n<p>Aix\u00ed mateix, tampoc garanteix la disponibilitat t\u00e8cnica, exactitud, veracitat, validesa o legalitat de p\u00e0gines alienes a la seva propietat a les quals es pugui accedir a trav\u00e9s dels enlla\u00e7os.<\/p>\n<p><\/p>\n<p><\/p>\n<p>BYR, S.C.C.L. declara que ha adoptat totes les mesures necess\u00e0ries per evitar qualsevol dany que pugui derivar-se de la navegaci\u00f3 per les seves p\u00e0gines web. En conseq\u00fc\u00e8ncia, BYR, S.C.C.L. no es fa responsable, en cap cas, dels eventuals danys que pugui patir l&#8217;usuari a causa de la navegaci\u00f3 per Internet.<\/p>\n<p><\/p>\n<p><\/p>\n<p>BYR, S.C.C.L. no es responsabilitza dels danys o perjudicis de qualsevol tipus produ\u00efts en l&#8217;Usuari que portin causa de fallades o desconnexions en les xarxes de telecomunicacions que produeixin la suspensi\u00f3, cancel\u00b7laci\u00f3, instal\u00b7laci\u00f3 o interrupci\u00f3 del servei de la web durant la prestaci\u00f3 del mateix o amb car\u00e0cter previ.<\/p>\n<p><\/p>\n<p><\/p>\n<p>L&#8217;acc\u00e9s a la web: <a href=\"http:\/\/byrassessors.com\/\">http:\/\/byrassessors.com\/<\/a> i <a href=\"http:\/\/byr.cat\/\">http:\/\/byr.cat\/<\/a> no implica l&#8217;obligaci\u00f3 per part de l&#8217;empresa de controlar l&#8217;abs\u00e8ncia de virus o qualsevol altre element inform\u00e0tic nociu. Correspon a l&#8217;Usuari, en tot cas, la disponibilitat d&#8217;eines adequades per a la detecci\u00f3 i desinfecci\u00f3 de programes inform\u00e0tics nocius.<\/p>\n<p><\/p>\n<p><\/p>\n<p>BYR, S.C.C.L. no es responsabilitza dels danys produ\u00efts en els equips inform\u00e0tics, documents i\/o fitxers dels Usuaris o de tercers durant la prestaci\u00f3 del servei al Portal.<\/p>\n<p><\/p>\n<p><\/p>\n<p><strong>4. <u>PUBLICITAT<\/u><\/strong><\/p>\n<p><\/p>\n<p><\/p>\n<p>La web: <a href=\"http:\/\/byrassessors.com\/\">http:\/\/byrassessors.com\/<\/a> i <a href=\"http:\/\/byr.cat\/\">http:\/\/byr.cat\/<\/a> podr\u00e0 allotjar continguts publicitaris o patrocinats. Els anunciants o patrocinadors s\u00f3n els \u00fanics responsables d&#8217;assegurar-se que el material rem\u00e8s per a la seva inclusi\u00f3 a la web compleix amb les lleis que en cada cas puguin ser d&#8217;aplicaci\u00f3.<\/p>\n<p><\/p>\n<p><\/p>\n<p>BYR, S.C.C.L. no ser\u00e0 responsable de qualsevol error, inexactitud o irregularitat que puguin contenir els continguts publicitaris o dels patrocinadors.<\/p>\n<p><\/p>\n<p><\/p>\n<p><strong>5. <u>MODIFICACIONS<\/u><\/strong><\/p>\n<p><\/p>\n<p><\/p>\n<p>BYR, S.C.C.L. es reserva el dret a realitzar les modificacions que consideri oportunes, sense av\u00eds previ, en el contingut dels seus llocs web, tant pel que fa als continguts dels llocs web com per les seves condicions d&#8217;\u00fas o per les condicions generals de contractaci\u00f3. Aquestes modificacions podran realitzar-se, a trav\u00e9s dels seus llocs web, de qualsevol forma admissible en dret i seran d&#8217;obligat compliment durant el temps que estiguin publicades a la web i fins que no siguin modificades per altres posteriors.<\/p>\n<p><\/p>\n<p><\/p>\n<p><strong>6. <u>RESERVA DE COOKIES<\/u><\/strong><\/p>\n<p><\/p>\n<p><\/p>\n<p>BYR, S.C.C.L. es reserva el dret d&#8217;utilitzar cookies en la navegaci\u00f3 de l&#8217;usuari pels seus llocs web per facilitar la personalitzaci\u00f3 i comoditat de la navegaci\u00f3. Seguint la pol\u00edtica de protecci\u00f3 de dades de l&#8217;empresa, BYR, S.C.C.L. informa que les cookies s&#8217;associen a l&#8217;usuari an\u00f2nim i al seu ordinador i no proporcionen per si mateixes ni el nom ni els cognoms de l&#8217;usuari.<\/p>\n<p><\/p>\n<p><\/p>\n<p>L&#8217;usuari t\u00e9 la possibilitat de configurar el seu navegador de manera que sigui informat de la recepci\u00f3 de cookies, podent, si aix\u00ed ho desitja, impedir que s&#8217;instal\u00b7lin al seu disc dur. No obstant aix\u00f2, per accedir als llocs web de BYR, S.C.C.L. no \u00e9s preceptiva la instal\u00b7laci\u00f3 de cookies.<\/p>\n<p><\/p>\n<p><\/p>\n<p>L&#8217;usuari es compromet a abstenir-se de reproduir, copiar, distribuir, posar a disposici\u00f3 o de qualsevol altra forma comunicar p\u00fablicament, transformar o modificar els Continguts, a menys que es compti amb l&#8217;autoritzaci\u00f3 del titular dels corresponents drets o aix\u00f2 resulti legalment perm\u00e8s.<\/p>\n<p><\/p>\n<p><\/p>\n<p><strong>7. <u>PROTECCI\u00d3 DE DADES PERSONAL<\/u><\/strong><\/p>\n<p><\/p>\n<p><\/p>\n<p>D&#8217;acord amb el que estableix la Llei Org\u00e0nica 15\/1999 de Protecci\u00f3 de Dades de Car\u00e0cter Personal, BYR, S.C.C.L. informa als usuaris dels seus websites que les dades personals recollides per l&#8217;empresa mitjan\u00e7ant els formularis situats a les seves p\u00e0gines, seran introdu\u00efdes en un fitxer automatitzat sota la responsabilitat de BYR, S.C.C.L. amb la finalitat de poder facilitar, agilitzar i complir els compromisos establerts entre ambdues parts. Aix\u00ed mateix, BYR, S.C.C.L. informa de la possibilitat d&#8217;exercir els drets d&#8217;acc\u00e9s, cancel\u00b7laci\u00f3, rectificaci\u00f3 i oposici\u00f3 mitjan\u00e7ant un escrit a l&#8217;adre\u00e7a: Carrer Major, 29 \u2013 08860 Castelldefels (Barcelona), aportant fotoc\u00f2pia del DNI o documentaci\u00f3 alternativa que acrediti la seva identitat.<\/p>\n<p><\/p>\n<p><\/p>\n<p>Mentre no ens comuniqueu el contrari, entendrem que les vostres dades no han estat modificades, que vosaltres us comprometeu a notificar-nos qualsevol variaci\u00f3 i que tenim el consentiment per utilitzar-les a fi de poder fidelitzar la relaci\u00f3 entre les parts.<\/p>\n<p><\/p>\n<p><\/p>\n<p>D&#8217;acord amb el que estableix la Llei 34\/2002, de Serveis de la Societat de la Informaci\u00f3 i el Comer\u00e7 Electr\u00f2nic en el seu article 21, demanem el vostre consentiment per poder realitzar comunicacions publicit\u00e0ries que considerem puguin ser del vostre inter\u00e8s, per correu electr\u00f2nic o per qualsevol altre mitj\u00e0 de comunicaci\u00f3 electr\u00f2nica equivalent.<\/p>\n<p><\/p>\n<p><\/p>\n<p><strong>8. <u>PROPIETAT INTEL\u00b7LECTUAL<\/u><\/strong><\/p>\n<p><\/p>\n<p><\/p>\n<p>Els drets de propietat intel\u00b7lectual i industrial derivats de tots els textos, imatges, aix\u00ed com dels mitjans i formes de presentaci\u00f3 i muntatge de les seves p\u00e0gines pertanyen, per si mateixos o com a cesson\u00e0ria, a BYR, S.C.C.L. Seran, per tant, obres protegides amb propietat intel\u00b7lectual per l&#8217;ordenament jur\u00eddic espanyol i se&#8217;ls podr\u00e0 aplicar tant la normativa espanyola i comunit\u00e0ria en aquest camp, com els tractats internacionals relatius a la mat\u00e8ria i subscrits per Espanya.<\/p>\n<p><\/p>\n<p><\/p>\n<p>Tots els drets reservats. En compliment de la Llei de la Propietat Intel\u00b7lectual es prohibeix expressament la reproducci\u00f3, distribuci\u00f3, comunicaci\u00f3 p\u00fablica i utilitzaci\u00f3 de la totalitat o part dels continguts de les seves p\u00e0gines web sense el consentiment expl\u00edcit de BYR, S.C.C.L. Aix\u00ed mateix, BYR, S.C.C.L. es reserva la facultat de presentar les accions civils o penals que consideri oportunes per la utilitzaci\u00f3 indeguda de les seves p\u00e0gines web i continguts o per l&#8217;incompliment d&#8217;aquestes condicions.<\/p>\n<p><\/p>\n<p><\/p>\n<p><strong>9. <u>ACCIONS LEGAL, LEGISLACI\u00d3 APLICABLE I JURISDICCI\u00d3<\/u><\/strong><\/p>\n<p><\/p>\n<p><\/p>\n<p>La relaci\u00f3 entre l&#8217;usuari i BYR, S.C.C.L. es regir\u00e0 per la normativa espanyola vigent i seran competents per decidir sobre qualsevol controv\u00e8rsia que pugui sorgir entre l&#8217;usuari i BYR, S.C.C.L., els jutjats o tribunals de la localitat de GAV\u00c0.<\/p>\n<p>\u00a0<\/p>\n<p><\/p>\t\t\t\t\t\t\t\t<\/div>\n\t\t\t\t<\/div>\n\t\t\t\t\t<\/div>\n\t\t\t\t<\/div>\n\t\t\t\t<\/div>\n\t\t","protected":false},"excerpt":{"rendered":"<p>Inicio \/ 1. INFORMACI\u00d3 CORPORATIVA En compliment de la Llei Org\u00e0nica 15\/1999, de 13 de desembre, de Protecci\u00f3 de Dades de Car\u00e0cter Personal (LOPD) i la Llei 34\/2002, de 11 de juliol, de serveis de la societat de la informaci\u00f3 i de comer\u00e7 electr\u00f2nic, BYR, S.C.C.L. us informa que \u00e9s titular dels llocs web: http:\/\/byrassessors.com\/ [&hellip;]<\/p>\n","protected":false},"author":1,"featured_media":0,"parent":0,"menu_order":0,"comment_status":"closed","ping_status":"closed","template":"","meta":{"_seopress_robots_primary_cat":"","_seopress_titles_title":"","_seopress_titles_desc":"","_seopress_robots_index":"","footnotes":""},"class_list":["post-315","page","type-page","status-publish","hentry"],"_links":{"self":[{"href":"https:\/\/www.byr.cat\/ca\/wp-json\/wp\/v2\/pages\/315","targetHints":{"allow":["GET"]}}],"collection":[{"href":"https:\/\/www.byr.cat\/ca\/wp-json\/wp\/v2\/pages"}],"about":[{"href":"https:\/\/www.byr.cat\/ca\/wp-json\/wp\/v2\/types\/page"}],"author":[{"embeddable":true,"href":"https:\/\/www.byr.cat\/ca\/wp-json\/wp\/v2\/users\/1"}],"replies":[{"embeddable":true,"href":"https:\/\/www.byr.cat\/ca\/wp-json\/wp\/v2\/comments?post=315"}],"version-history":[{"count":27,"href":"https:\/\/www.byr.cat\/ca\/wp-json\/wp\/v2\/pages\/315\/revisions"}],"predecessor-version":[{"id":660,"href":"https:\/\/www.byr.cat\/ca\/wp-json\/wp\/v2\/pages\/315\/revisions\/660"}],"wp:attachment":[{"href":"https:\/\/www.byr.cat\/ca\/wp-json\/wp\/v2\/media?parent=315"}],"curies":[{"name":"wp","href":"https:\/\/api.w.org\/{rel}","templated":true}]}}