{"id":175,"date":"2025-05-09T01:33:43","date_gmt":"2025-05-08T23:33:43","guid":{"rendered":"https:\/\/www.byr.cat\/?page_id=175"},"modified":"2026-04-29T12:54:59","modified_gmt":"2026-04-29T10:54:59","slug":"declaracio-renda","status":"publish","type":"page","link":"https:\/\/www.byr.cat\/ca\/declaracio-renda\/","title":{"rendered":"Declaraci\u00f3 renda"},"content":{"rendered":"\t\t<div data-elementor-type=\"wp-page\" data-elementor-id=\"175\" class=\"elementor elementor-175\" data-elementor-post-type=\"page\">\n\t\t\t\t<div class=\"elementor-element elementor-element-871a70a e-flex e-con-boxed e-con e-parent\" data-id=\"871a70a\" data-element_type=\"container\" data-settings=\"{&quot;background_background&quot;:&quot;classic&quot;}\">\n\t\t\t\t\t<div class=\"e-con-inner\">\n\t\t\t\t\t<\/div>\n\t\t\t\t<\/div>\n\t\t<div class=\"elementor-element elementor-element-e55d293 e-flex e-con-boxed e-con e-parent\" data-id=\"e55d293\" data-element_type=\"container\">\n\t\t\t\t\t<div class=\"e-con-inner\">\n\t\t\t\t<div class=\"elementor-element elementor-element-bd160e9 elementor-widget elementor-widget-heading\" data-id=\"bd160e9\" data-element_type=\"widget\" data-widget_type=\"heading.default\">\n\t\t\t\t<div class=\"elementor-widget-container\">\n\t\t\t\t\t<span class=\"elementor-heading-title elementor-size-default\">Inicio \/<\/span>\t\t\t\t<\/div>\n\t\t\t\t<\/div>\n\t\t\t\t<div class=\"elementor-element elementor-element-ff54dcb elementor-widget elementor-widget-heading\" data-id=\"ff54dcb\" data-element_type=\"widget\" data-widget_type=\"heading.default\">\n\t\t\t\t<div class=\"elementor-widget-container\">\n\t\t\t\t\t<span class=\"elementor-heading-title elementor-size-default\">Declaraci\u00f3 renda<\/span>\t\t\t\t<\/div>\n\t\t\t\t<\/div>\n\t\t\t\t\t<\/div>\n\t\t\t\t<\/div>\n\t\t<div class=\"elementor-element elementor-element-68afe2a e-flex e-con-boxed e-con e-parent\" data-id=\"68afe2a\" data-element_type=\"container\">\n\t\t\t\t\t<div class=\"e-con-inner\">\n\t\t\t\t<div class=\"elementor-element elementor-element-d50c311 elementor-widget elementor-widget-heading\" data-id=\"d50c311\" data-element_type=\"widget\" data-widget_type=\"heading.default\">\n\t\t\t\t<div class=\"elementor-widget-container\">\n\t\t\t\t\t<h2 class=\"elementor-heading-title elementor-size-default\">Declaraci\u00f3 renda<\/h2>\t\t\t\t<\/div>\n\t\t\t\t<\/div>\n\t\t\t\t<div class=\"elementor-element elementor-element-50a0d94 elementor-widget elementor-widget-text-editor\" data-id=\"50a0d94\" data-element_type=\"widget\" data-widget_type=\"text-editor.default\">\n\t\t\t\t<div class=\"elementor-widget-container\">\n\t\t\t\t\t\t\t\t\t<p data-start=\"0\" data-end=\"234\"><strong>No podem realitzar la seva declaraci\u00f3 de la renda sense haver parlat pr\u00e8viament amb vost\u00e8s i revisar correctament tota la documentaci\u00f3 i les dades necess\u00e0ries.<\/strong><br data-start=\"159\" data-end=\"162\" \/><strong data-start=\"162\" data-end=\"234\">Documentaci\u00f3 o informaci\u00f3 a aportar segons la teva situaci\u00f3 personal<\/strong><\/p><ul><li data-start=\"236\" data-end=\"2299\">Renda 2024, DNI\/NIE, n\u00famero de compte bancari i domicili fiscal.<\/li><li data-start=\"236\" data-end=\"2299\">NIF del propietari si vius de lloguer. Si vas fer la Renda 2024 amb nosaltres, no cal que ens facilitis aquestes dades si no han canviat. Les revisarem.<\/li><li data-start=\"236\" data-end=\"2299\">Certificats d\u2019ingressos (es pot comprovar amb les dades fiscals): treball, pensions, atur, incapacitat, IMV, ajudes, subvencions, cobrament d\u2019asseguran\u00e7a de vida o pla de pensions, etc.<\/li><li data-start=\"236\" data-end=\"2299\">Certificats bancaris (es pot comprovar amb les dades fiscals).<\/li><li data-start=\"236\" data-end=\"2299\">Certificat d\u2019hipoteca sobre habitatge habitual (es pot comprovar amb dades fiscals): si la compra va ser anterior a l\u2019any 2013, data i import de compra, hipoteques, ampliacions i asseguran\u00e7a de vida vinculada.<\/li><li data-start=\"236\" data-end=\"2299\">Despeses de pagament de lloguer d\u2019habitatge habitual (contracte de lloguer anterior a 2015 o deducci\u00f3 catalana): NIF de l\u2019arrendador, contracte de lloguer i rebuts.<\/li><li data-start=\"236\" data-end=\"2299\">Ingressos per cobrament de lloguers d\u2019immobles: rebuts d\u2019ingressos, despeses suportades, NIF\/NIE dels inquilins, data del contracte de lloguer, data i import escripturat.<\/li><li data-start=\"236\" data-end=\"2299\">Carnet de fam\u00edlia nombrosa \/ mare treballadora amb menor de 3 anys \/ certificat de discapacitat.<\/li><li data-start=\"236\" data-end=\"2299\">Deduccions per fam\u00edlia nombrosa, per persones amb discapacitat a c\u00e0rrec o mare treballadora amb menor de 3 anys.<\/li><li data-start=\"236\" data-end=\"2299\">Pensions aliment\u00e0ries i\/o compensat\u00f2ries (DNI dels fills o exc\u00f2njuge).<\/li><li data-start=\"236\" data-end=\"2299\">Certificat d\u2019aportacions a plans de pensions (es pot comprovar amb les dades fiscals).<\/li><li data-start=\"236\" data-end=\"2299\">Donatius, aportacions a partits pol\u00edtics i sindicats (es pot comprovar amb les dades fiscals).<\/li><li data-start=\"236\" data-end=\"2299\">Activitat econ\u00f2mica: llistat d\u2019ingressos i despeses, models 130\/131, model 390 i certificat de retencions.<\/li><li data-start=\"236\" data-end=\"2299\">Obres de rehabilitaci\u00f3 i millora de l\u2019efici\u00e8ncia energ\u00e8tica, aportant certificats anterior i posterior a l\u2019obra.<\/li><li data-start=\"236\" data-end=\"2299\">Guanys i p\u00e8rdues patrimonials: venda d\u2019immobles, accions, premis, criptomonedes, etc.<\/li><li data-start=\"236\" data-end=\"2299\">Inversi\u00f3 en empreses de nova o recent creaci\u00f3 (Business Angel).<\/li><li data-start=\"236\" data-end=\"2299\">Despeses de guarderia (certificat). Es pot comprovar amb dades fiscals.<\/li><li data-start=\"236\" data-end=\"2299\">Compra de vehicle el\u00e8ctric i\/o despesa d\u2019instal\u00b7laci\u00f3 de punt de rec\u00e0rrega.<\/li><\/ul>\t\t\t\t\t\t\t\t<\/div>\n\t\t\t\t<\/div>\n\t\t\t\t\t<\/div>\n\t\t\t\t<\/div>\n\t\t\t\t<\/div>\n\t\t","protected":false},"excerpt":{"rendered":"<p>Inicio \/ No podem realitzar la seva declaraci\u00f3 de la renda sense haver parlat pr\u00e8viament amb vost\u00e8s i revisar correctament tota la documentaci\u00f3 i les dades necess\u00e0ries.Documentaci\u00f3 o informaci\u00f3 a aportar segons la teva situaci\u00f3 personal Renda 2024, DNI\/NIE, n\u00famero de compte bancari i domicili fiscal. NIF del propietari si vius de lloguer. Si vas [&hellip;]<\/p>\n","protected":false},"author":1,"featured_media":0,"parent":0,"menu_order":0,"comment_status":"closed","ping_status":"closed","template":"","meta":{"_seopress_robots_primary_cat":"","_seopress_titles_title":"","_seopress_titles_desc":"","_seopress_robots_index":"","footnotes":""},"class_list":["post-175","page","type-page","status-publish","hentry"],"_links":{"self":[{"href":"https:\/\/www.byr.cat\/ca\/wp-json\/wp\/v2\/pages\/175","targetHints":{"allow":["GET"]}}],"collection":[{"href":"https:\/\/www.byr.cat\/ca\/wp-json\/wp\/v2\/pages"}],"about":[{"href":"https:\/\/www.byr.cat\/ca\/wp-json\/wp\/v2\/types\/page"}],"author":[{"embeddable":true,"href":"https:\/\/www.byr.cat\/ca\/wp-json\/wp\/v2\/users\/1"}],"replies":[{"embeddable":true,"href":"https:\/\/www.byr.cat\/ca\/wp-json\/wp\/v2\/comments?post=175"}],"version-history":[{"count":16,"href":"https:\/\/www.byr.cat\/ca\/wp-json\/wp\/v2\/pages\/175\/revisions"}],"predecessor-version":[{"id":713,"href":"https:\/\/www.byr.cat\/ca\/wp-json\/wp\/v2\/pages\/175\/revisions\/713"}],"wp:attachment":[{"href":"https:\/\/www.byr.cat\/ca\/wp-json\/wp\/v2\/media?parent=175"}],"curies":[{"name":"wp","href":"https:\/\/api.w.org\/{rel}","templated":true}]}}