{"id":166,"date":"2025-05-11T05:42:43","date_gmt":"2025-05-11T03:42:43","guid":{"rendered":"https:\/\/www.byr.cat\/?page_id=166"},"modified":"2025-05-11T05:49:26","modified_gmt":"2025-05-11T03:49:26","slug":"altres-serveis","status":"publish","type":"page","link":"https:\/\/www.byr.cat\/ca\/altres-serveis\/","title":{"rendered":"Altres serveis"},"content":{"rendered":"\t\t<div data-elementor-type=\"wp-page\" data-elementor-id=\"166\" class=\"elementor elementor-166 elementor-379\" data-elementor-post-type=\"page\">\n\t\t\t\t<div class=\"elementor-element elementor-element-871a70a e-flex e-con-boxed e-con e-parent\" data-id=\"871a70a\" data-element_type=\"container\" data-settings=\"{&quot;background_background&quot;:&quot;classic&quot;}\">\n\t\t\t\t\t<div class=\"e-con-inner\">\n\t\t\t\t\t<\/div>\n\t\t\t\t<\/div>\n\t\t<div class=\"elementor-element elementor-element-e55d293 e-flex e-con-boxed e-con e-parent\" data-id=\"e55d293\" data-element_type=\"container\">\n\t\t\t\t\t<div class=\"e-con-inner\">\n\t\t\t\t<div class=\"elementor-element elementor-element-bd160e9 elementor-widget elementor-widget-heading\" data-id=\"bd160e9\" data-element_type=\"widget\" data-widget_type=\"heading.default\">\n\t\t\t\t<div class=\"elementor-widget-container\">\n\t\t\t\t\t<span class=\"elementor-heading-title elementor-size-default\">Inicio \/<\/span>\t\t\t\t<\/div>\n\t\t\t\t<\/div>\n\t\t\t\t<div class=\"elementor-element elementor-element-ff54dcb elementor-widget elementor-widget-heading\" data-id=\"ff54dcb\" data-element_type=\"widget\" data-widget_type=\"heading.default\">\n\t\t\t\t<div class=\"elementor-widget-container\">\n\t\t\t\t\t<span class=\"elementor-heading-title elementor-size-default\">Altres serveis<\/span>\t\t\t\t<\/div>\n\t\t\t\t<\/div>\n\t\t\t\t\t<\/div>\n\t\t\t\t<\/div>\n\t\t<div class=\"elementor-element elementor-element-68afe2a e-flex e-con-boxed e-con e-parent\" data-id=\"68afe2a\" data-element_type=\"container\">\n\t\t\t\t\t<div class=\"e-con-inner\">\n\t\t\t\t<div class=\"elementor-element elementor-element-d50c311 elementor-widget elementor-widget-heading\" data-id=\"d50c311\" data-element_type=\"widget\" data-widget_type=\"heading.default\">\n\t\t\t\t<div class=\"elementor-widget-container\">\n\t\t\t\t\t<h2 class=\"elementor-heading-title elementor-size-default\">Altres serveis<\/h2>\t\t\t\t<\/div>\n\t\t\t\t<\/div>\n\t\t\t\t<div class=\"elementor-element elementor-element-50a0d94 elementor-widget elementor-widget-text-editor\" data-id=\"50a0d94\" data-element_type=\"widget\" data-widget_type=\"text-editor.default\">\n\t\t\t\t<div class=\"elementor-widget-container\">\n\t\t\t\t\t\t\t\t\t<p><strong>Comptem amb un gran elenc d&#8217;experts professionals de tots els ambits que t&#8217;assessoren de qualsevol tr\u00e0mit que tu o el teu negoci necessiti.<\/strong><\/p><p>Alguns tramitis com un Contracte de Lloguer pot semblar f\u00e0cil de realitzar un mateix, per\u00f2 saber que clausulas s\u00f3n legals o no, saber que impostos s&#8217;han de pagar en realitzar el, en qu\u00e8 Organismes s&#8217;ha de presentar en temps, s\u00f3n a manera d&#8217;exemple alguns aspectes que et poden arribar a m\u00e9s d&#8217;un problema. Deixa&#8217;t \u00a0aconsellar, el nostre treball \u00e9s la teva tranquil\u00b7litat.<br \/>A continuaci\u00f3 detallem alguns dels tr\u00e0mits i tasques m\u00e9s comunes. Posa&#8217;t en contacte sense comprom\u00eds<\/p><ul><li>Contracte de Compra Venda<\/li><li>Contracto d&#8217;Arrendament de Local<\/li><li>Contracte d&#8217;Arrendament d&#8217;Habitatge<\/li><li>Contracto de Trasp\u00e0s de Negoci<\/li><li>Contracto d&#8217;Arres<\/li><li>Recursos i reclamacions davant les Administracions P\u00fabliques<\/li><li>Her\u00e8ncies i Donacions<\/li><li>Dret Civil, Mercantil, Fiscal i Laboral<\/li><li>Tramitis en Registres Mercantils<\/li><li>Tramitis en Registre de la Propietat<\/li><li>Tramitis en Not\u00e0ries<\/li><\/ul>\t\t\t\t\t\t\t\t<\/div>\n\t\t\t\t<\/div>\n\t\t\t\t\t<\/div>\n\t\t\t\t<\/div>\n\t\t\t\t<\/div>\n\t\t","protected":false},"excerpt":{"rendered":"<p>Inicio \/ Comptem amb un gran elenc d&#8217;experts professionals de tots els ambits que t&#8217;assessoren de qualsevol tr\u00e0mit que tu o el teu negoci necessiti. Alguns tramitis com un Contracte de Lloguer pot semblar f\u00e0cil de realitzar un mateix, per\u00f2 saber que clausulas s\u00f3n legals o no, saber que impostos s&#8217;han de pagar en realitzar [&hellip;]<\/p>\n","protected":false},"author":1,"featured_media":0,"parent":0,"menu_order":0,"comment_status":"closed","ping_status":"closed","template":"","meta":{"_seopress_robots_primary_cat":"","_seopress_titles_title":"","_seopress_titles_desc":"","_seopress_robots_index":"","footnotes":""},"class_list":["post-166","page","type-page","status-publish","hentry"],"_links":{"self":[{"href":"https:\/\/www.byr.cat\/ca\/wp-json\/wp\/v2\/pages\/166","targetHints":{"allow":["GET"]}}],"collection":[{"href":"https:\/\/www.byr.cat\/ca\/wp-json\/wp\/v2\/pages"}],"about":[{"href":"https:\/\/www.byr.cat\/ca\/wp-json\/wp\/v2\/types\/page"}],"author":[{"embeddable":true,"href":"https:\/\/www.byr.cat\/ca\/wp-json\/wp\/v2\/users\/1"}],"replies":[{"embeddable":true,"href":"https:\/\/www.byr.cat\/ca\/wp-json\/wp\/v2\/comments?post=166"}],"version-history":[{"count":13,"href":"https:\/\/www.byr.cat\/ca\/wp-json\/wp\/v2\/pages\/166\/revisions"}],"predecessor-version":[{"id":389,"href":"https:\/\/www.byr.cat\/ca\/wp-json\/wp\/v2\/pages\/166\/revisions\/389"}],"wp:attachment":[{"href":"https:\/\/www.byr.cat\/ca\/wp-json\/wp\/v2\/media?parent=166"}],"curies":[{"name":"wp","href":"https:\/\/api.w.org\/{rel}","templated":true}]}}