{"id":149,"date":"2025-05-11T05:25:43","date_gmt":"2025-05-11T03:25:43","guid":{"rendered":"https:\/\/www.byr.cat\/?page_id=149"},"modified":"2025-05-11T05:48:32","modified_gmt":"2025-05-11T03:48:32","slug":"nous-autonoms","status":"publish","type":"page","link":"https:\/\/www.byr.cat\/ca\/nous-autonoms\/","title":{"rendered":"Nous aut\u00f2noms\/as"},"content":{"rendered":"\t\t<div data-elementor-type=\"wp-page\" data-elementor-id=\"149\" class=\"elementor elementor-149 elementor-373\" data-elementor-post-type=\"page\">\n\t\t\t\t<div class=\"elementor-element elementor-element-871a70a e-flex e-con-boxed e-con e-parent\" data-id=\"871a70a\" data-element_type=\"container\" data-settings=\"{&quot;background_background&quot;:&quot;classic&quot;}\">\n\t\t\t\t\t<div class=\"e-con-inner\">\n\t\t\t\t\t<\/div>\n\t\t\t\t<\/div>\n\t\t<div class=\"elementor-element elementor-element-e55d293 e-flex e-con-boxed e-con e-parent\" data-id=\"e55d293\" data-element_type=\"container\">\n\t\t\t\t\t<div class=\"e-con-inner\">\n\t\t\t\t<div class=\"elementor-element elementor-element-bd160e9 elementor-widget elementor-widget-heading\" data-id=\"bd160e9\" data-element_type=\"widget\" data-widget_type=\"heading.default\">\n\t\t\t\t<div class=\"elementor-widget-container\">\n\t\t\t\t\t<span class=\"elementor-heading-title elementor-size-default\">Inicio \/<\/span>\t\t\t\t<\/div>\n\t\t\t\t<\/div>\n\t\t\t\t<div class=\"elementor-element elementor-element-ff54dcb elementor-widget elementor-widget-heading\" data-id=\"ff54dcb\" data-element_type=\"widget\" data-widget_type=\"heading.default\">\n\t\t\t\t<div class=\"elementor-widget-container\">\n\t\t\t\t\t<span class=\"elementor-heading-title elementor-size-default\">Nous aut\u00f2noms\/as<\/span>\t\t\t\t<\/div>\n\t\t\t\t<\/div>\n\t\t\t\t\t<\/div>\n\t\t\t\t<\/div>\n\t\t<div class=\"elementor-element elementor-element-68afe2a e-flex e-con-boxed e-con e-parent\" data-id=\"68afe2a\" data-element_type=\"container\">\n\t\t\t\t\t<div class=\"e-con-inner\">\n\t\t\t\t<div class=\"elementor-element elementor-element-d50c311 elementor-widget elementor-widget-heading\" data-id=\"d50c311\" data-element_type=\"widget\" data-widget_type=\"heading.default\">\n\t\t\t\t<div class=\"elementor-widget-container\">\n\t\t\t\t\t<h2 class=\"elementor-heading-title elementor-size-default\">Nous aut\u00f2noms\/as<\/h2>\t\t\t\t<\/div>\n\t\t\t\t<\/div>\n\t\t\t\t<div class=\"elementor-element elementor-element-50a0d94 elementor-widget elementor-widget-text-editor\" data-id=\"50a0d94\" data-element_type=\"widget\" data-widget_type=\"text-editor.default\">\n\t\t\t\t<div class=\"elementor-widget-container\">\n\t\t\t\t\t\t\t\t\t<p><strong>T&#8217;ajudem a con\u00e8ixer tots els teus drets i obligacions, gestionem l&#8217;alta en Ag\u00e8ncia Tribut\u00e0ria, Seguretat Social i altres Administracions de forma rapida i senzilla.<\/strong><\/p><p>Analitzem la modalitat m\u00e9s avantatjosa per t\u00fa dins de la fiscalitat d&#8217;aut\u00f2noms(Moduls,Estimaci\u00f3 Directa, Recareg Equivalencia), comptabilitzem les teves factures, elaborem els teus impostos, gestion laboral , et guiem i ajudem a tot moment, tens assessorament permanent.<\/p><ul><li>Alta en els Organismes P\u00fablics, com en Ag\u00e8ncia Tribut\u00e0ria, Seguretat Social i Generalitat de Catalunya<\/li><li>Et aconsejem que r\u00e8gim fiscal \u00e9s m\u00e9s adequat per al teu negoci i\u00a0t&#8217;expliquem la complexitat dels mateixos<\/li><li>T&#8217;informem de les possible ajudes que puguis beneficiar-te<\/li><li>Tr\u00e0mits de llic\u00e8ncies d&#8217;obertura<\/li><li>Peticions de fulla de reclamacions<\/li><li>T&#8217;ajudem en la tr\u00e1mitaci\u00f3n de la capitalizaci\u00f3 de l&#8217;atur, si aquest est el teu cas<\/li><li>En cas de voler contratrar treballadors, alta en<\/li><li>Compte de Cotitzaci\u00f3, aix\u00ed com alta en Seguretat Social i tramitaci\u00f3 i confecci\u00f3 de contractes de treball<\/li><\/ul>\t\t\t\t\t\t\t\t<\/div>\n\t\t\t\t<\/div>\n\t\t\t\t<div class=\"elementor-element elementor-element-a54ef36 elementor-widget elementor-widget-heading\" data-id=\"a54ef36\" data-element_type=\"widget\" data-widget_type=\"heading.default\">\n\t\t\t\t<div class=\"elementor-widget-container\">\n\t\t\t\t\t<h2 class=\"elementor-heading-title elementor-size-default\">Noves empreses<\/h2>\t\t\t\t<\/div>\n\t\t\t\t<\/div>\n\t\t\t\t<div class=\"elementor-element elementor-element-0c32026 elementor-widget elementor-widget-text-editor\" data-id=\"0c32026\" data-element_type=\"widget\" data-widget_type=\"text-editor.default\">\n\t\t\t\t<div class=\"elementor-widget-container\">\n\t\t\t\t\t\t\t\t\t<p><strong>Quan es decideix a muntar una Empresa, s&#8217;obre un gran ventall de tasques i tramitis que s&#8217;han de dur a terme en diferents organismes p\u00fablics. Nosaltres sabem perfectament que tr\u00e0mits fan falta i intentem agilitar el proc\u00e9s el m\u00e0xim possible, amb nosaltres no perdr\u00e0s el teu temps.<\/strong><\/p><p>Quan es decideix a muntar una Empresa, s&#8217;obre un gran ventall de tasques i tramitis que s&#8217;han de dur a terme en diferents organismes p\u00fablics. Nosaltres sabem perfectament que tr\u00e0mits fan falta i intentem agilitar el proc\u00e9s el m\u00e0xim possible, amb nosaltres no perdr\u00e0s el teu temps.<br \/>Resoldrem els teus dubtes des de l&#8217;inici de la teva marxa, t&#8217;aconsellarem a l&#8217;hora de constituir la teva empresa, que beneficis fiscals pots tenir, que naturalesa fiscal \u00e9s m\u00e9s adequada per al teu negoci, tots els dubtes que puguis plantejar-te te les resoldrem de manera personal perqu\u00e8 la teva et puguis dedicar enterament a l&#8217;exercici de la teva activitat.<br \/>Et detallem a continuaci\u00f3 els tr\u00e0mits m\u00e9s importants per comen\u00e7ar amb la teva activitat<\/p><ul><li>Certificaci\u00f3 negativa del nom de la societat pel Registre Mercantil.<\/li><li>Signa escriptura p\u00fablica de Constituci\u00f3 de la Societat davant notari.<\/li><li>Liquidaci\u00f3 de l&#8217;Impost de Transmissions Patrimonials i Actes Jur\u00eddics Documentats en la Conselleria d&#8217;Hisenda de la Comunitat Aut\u00f2noma.<\/li><li>Inscripci\u00f3 de l&#8217;empresa en el Registre Mercantil.<\/li><li>Sol\u00b7licitud del Nombre d&#8217;Identificaci\u00f3 Fiscal en l&#8217;Ag\u00e8ncia Tribut\u00e0ria.<\/li><li>Obtenci\u00f3 del nombre identificador d&#8217;Afiliaci\u00f3 a la Seguretat Social en la Tresoreria General de la Seguretat Social.<\/li><li>Alta en el Cens d&#8217;Empresaris en l&#8217;Ag\u00e8ncia Tribut\u00e0ria.<\/li><li>Liquidaci\u00f3 de l&#8217;Impost sobre Activitats Econ\u00f2miques en l&#8217;Ag\u00e8ncia Tribut\u00e0ria (les empreses de nova creaci\u00f3 estan exemptes durant els dos primers exercicis).<\/li><li>Afiliaci\u00f3 dels socis a la Seguretat Social.<\/li><li>Alta en el R\u00e8gim de la Seguretat Social que correspongui a cadascun dels socis treballadors i\/o administradors.<\/li><li>Inscripci\u00f3 de l&#8217;empresa en la Tresoreria territorial de la Seguretat Social, que assigna a l&#8217;empresari un nombre per a la seva identificaci\u00f3 i control de les seves obligacions un Codi de Compte de Cotitzaci\u00f3.<\/li><li>Comunicaci\u00f3 d&#8217;obertura del centre de treball en la Conselleria de Treball de la seva Comunitat Aut\u00f2noma.<\/li><li>Sol\u00b7licitud de les llic\u00e8ncies pertinents en funci\u00f3 del tipus d&#8217;activitat de l&#8217;empresa (pots veure la informaci\u00f3 sobre aix\u00f2 en aquest enlla\u00e7).<\/li><li>Registre de signes distintius com a patents o marques en l&#8217;Oficina Espanyola de Patents i Marques.<\/li><li>Registre de fitxers de car\u00e0cter personal en l&#8217;Ag\u00e8ncia Espanyola de Protecci\u00f3 de Dades.<\/li><\/ul><p>\u00a0<\/p>\t\t\t\t\t\t\t\t<\/div>\n\t\t\t\t<\/div>\n\t\t\t\t\t<\/div>\n\t\t\t\t<\/div>\n\t\t\t\t<\/div>\n\t\t","protected":false},"excerpt":{"rendered":"<p>Inicio \/ T&#8217;ajudem a con\u00e8ixer tots els teus drets i obligacions, gestionem l&#8217;alta en Ag\u00e8ncia Tribut\u00e0ria, Seguretat Social i altres Administracions de forma rapida i senzilla. Analitzem la modalitat m\u00e9s avantatjosa per t\u00fa dins de la fiscalitat d&#8217;aut\u00f2noms(Moduls,Estimaci\u00f3 Directa, Recareg Equivalencia), comptabilitzem les teves factures, elaborem els teus impostos, gestion laboral , et guiem i [&hellip;]<\/p>\n","protected":false},"author":1,"featured_media":0,"parent":0,"menu_order":0,"comment_status":"closed","ping_status":"closed","template":"","meta":{"_seopress_robots_primary_cat":"","_seopress_titles_title":"","_seopress_titles_desc":"","_seopress_robots_index":"","footnotes":""},"class_list":["post-149","page","type-page","status-publish","hentry"],"_links":{"self":[{"href":"https:\/\/www.byr.cat\/ca\/wp-json\/wp\/v2\/pages\/149","targetHints":{"allow":["GET"]}}],"collection":[{"href":"https:\/\/www.byr.cat\/ca\/wp-json\/wp\/v2\/pages"}],"about":[{"href":"https:\/\/www.byr.cat\/ca\/wp-json\/wp\/v2\/types\/page"}],"author":[{"embeddable":true,"href":"https:\/\/www.byr.cat\/ca\/wp-json\/wp\/v2\/users\/1"}],"replies":[{"embeddable":true,"href":"https:\/\/www.byr.cat\/ca\/wp-json\/wp\/v2\/comments?post=149"}],"version-history":[{"count":12,"href":"https:\/\/www.byr.cat\/ca\/wp-json\/wp\/v2\/pages\/149\/revisions"}],"predecessor-version":[{"id":386,"href":"https:\/\/www.byr.cat\/ca\/wp-json\/wp\/v2\/pages\/149\/revisions\/386"}],"wp:attachment":[{"href":"https:\/\/www.byr.cat\/ca\/wp-json\/wp\/v2\/media?parent=149"}],"curies":[{"name":"wp","href":"https:\/\/api.w.org\/{rel}","templated":true}]}}