{"id":100,"date":"2025-05-08T04:54:36","date_gmt":"2025-05-08T02:54:36","guid":{"rendered":"https:\/\/www.byr.cat\/?page_id=100"},"modified":"2025-05-11T05:16:43","modified_gmt":"2025-05-11T03:16:43","slug":"assessoria-fiscal-i-comptable","status":"publish","type":"page","link":"https:\/\/www.byr.cat\/ca\/assessoria-fiscal-i-comptable\/","title":{"rendered":"Assessoria fiscal i comptable"},"content":{"rendered":"\t\t<div data-elementor-type=\"wp-page\" data-elementor-id=\"100\" class=\"elementor elementor-100\" data-elementor-post-type=\"page\">\n\t\t\t\t<div class=\"elementor-element elementor-element-871a70a e-flex e-con-boxed e-con e-parent\" data-id=\"871a70a\" data-element_type=\"container\" data-settings=\"{&quot;background_background&quot;:&quot;classic&quot;}\">\n\t\t\t\t\t<div class=\"e-con-inner\">\n\t\t\t\t\t<\/div>\n\t\t\t\t<\/div>\n\t\t<div class=\"elementor-element elementor-element-e55d293 e-flex e-con-boxed e-con e-parent\" data-id=\"e55d293\" data-element_type=\"container\">\n\t\t\t\t\t<div class=\"e-con-inner\">\n\t\t\t\t<div class=\"elementor-element elementor-element-bd160e9 elementor-widget elementor-widget-heading\" data-id=\"bd160e9\" data-element_type=\"widget\" data-widget_type=\"heading.default\">\n\t\t\t\t<div class=\"elementor-widget-container\">\n\t\t\t\t\t<span class=\"elementor-heading-title elementor-size-default\">Inicio \/<\/span>\t\t\t\t<\/div>\n\t\t\t\t<\/div>\n\t\t\t\t<div class=\"elementor-element elementor-element-ff54dcb elementor-widget elementor-widget-heading\" data-id=\"ff54dcb\" data-element_type=\"widget\" data-widget_type=\"heading.default\">\n\t\t\t\t<div class=\"elementor-widget-container\">\n\t\t\t\t\t<span class=\"elementor-heading-title elementor-size-default\">Assessoria fiscal i comptable<\/span>\t\t\t\t<\/div>\n\t\t\t\t<\/div>\n\t\t\t\t\t<\/div>\n\t\t\t\t<\/div>\n\t\t<div class=\"elementor-element elementor-element-68afe2a e-flex e-con-boxed e-con e-parent\" data-id=\"68afe2a\" data-element_type=\"container\">\n\t\t\t\t\t<div class=\"e-con-inner\">\n\t\t\t\t<div class=\"elementor-element elementor-element-d50c311 elementor-widget elementor-widget-heading\" data-id=\"d50c311\" data-element_type=\"widget\" data-widget_type=\"heading.default\">\n\t\t\t\t<div class=\"elementor-widget-container\">\n\t\t\t\t\t<h2 class=\"elementor-heading-title elementor-size-default\">Assessoria fiscal i comptable<\/h2>\t\t\t\t<\/div>\n\t\t\t\t<\/div>\n\t\t\t\t<div class=\"elementor-element elementor-element-50a0d94 elementor-widget elementor-widget-text-editor\" data-id=\"50a0d94\" data-element_type=\"widget\" data-widget_type=\"text-editor.default\">\n\t\t\t\t<div class=\"elementor-widget-container\">\n\t\t\t\t\t\t\t\t\t<p>Tracte directe i personal, \u00e9s un aspecte clau de la nostra filosofia d&#8217;empresa, respectem a l&#8217;Aut\u00f2nom i Empresa.<br \/>Sabem l&#8217;important que \u00e9s que el teu negoci compleixi amb les seves obligacions fiscals i comptables en temps i forma.<br \/>Et detallem els serveis m\u00e9s freq\u00fcents, per\u00f2 disposem de molts uns altres adaptats a la teva activitat, t&#8217;assessorarem quins son els m\u00e9s adecuats per la teva activitat<\/p>\t\t\t\t\t\t\t\t<\/div>\n\t\t\t\t<\/div>\n\t\t\t\t\t<\/div>\n\t\t\t\t<\/div>\n\t\t<div class=\"elementor-element elementor-element-fbabfab e-flex e-con-boxed e-con e-parent\" data-id=\"fbabfab\" data-element_type=\"container\">\n\t\t\t\t\t<div class=\"e-con-inner\">\n\t\t\t\t<div class=\"elementor-element elementor-element-f542add elementor-widget elementor-widget-heading\" data-id=\"f542add\" data-element_type=\"widget\" data-widget_type=\"heading.default\">\n\t\t\t\t<div class=\"elementor-widget-container\">\n\t\t\t\t\t<h2 class=\"elementor-heading-title elementor-size-default\">Assessorament fiscal<\/h2>\t\t\t\t<\/div>\n\t\t\t\t<\/div>\n\t\t\t\t<div class=\"elementor-element elementor-element-99e0828 elementor-widget elementor-widget-text-editor\" data-id=\"99e0828\" data-element_type=\"widget\" data-widget_type=\"text-editor.default\">\n\t\t\t\t<div class=\"elementor-widget-container\">\n\t\t\t\t\t\t\t\t\t<ul><li>Impostos de l&#8217;IVA. R\u00e8gim general, r\u00e8gims especials d&#8217;IVA i Exempcions en l&#8217;aplicaci\u00f3 de l&#8217;impost IVA.<\/li><li>Impost sobre la renda de persones f\u00edsiques (IRPF).<\/li><li>Operacions anuals amb tercers superiors a 3.000 ? (mod. 347)<\/li><li>Impost de Societats (I.S.).<\/li><li>Impost sobre el Patrimoni (I. P.)<\/li><li>Fiscalitat d&#8217;Empreses,<\/li><li>Pimes i Microempreses.<\/li><li>Fiscalitat d&#8217;Empresaris i<\/li><li>Professionals Aut\u00f2noms.<\/li><li>Fiscalitat de Fundacions i<\/li><li>Associacions sense \u00e0nim de lucre.<\/li><li>Fiscalitat d&#8217;importacions i exportacions extracomunit\u00e0ries.<\/li><li>Fiscalitat d&#8217;importacions i exportacions dins de la Uni\u00f3 Europea. Declaracions intracomunit\u00e0ries (Mod. 349).<\/li><li>Altres impostos directes i indirectes. Successions, Donacions,<\/li><li>Legislaci\u00f3 tribut\u00e0ria.<\/li><li>Actualitzacions normatives, lleis, reglaments, dict\u00e0mens, ordenances &#8230;..<\/li><li>Gestions i tr\u00e0mits davant la hisenda estatal, comunitats aut\u00f2nomes i ajuntaments.<\/li><li>Inspeccions d&#8217;Hisenda i Reclamacions.<\/li><li>Resolucions administratives i Embargaments de l&#8217;Ag\u00e8ncia Tribut\u00e0ria.<\/li><li>Recursos davant les administracions p\u00fabliques.<\/li><li>Reclamacions Econ\u00f2mic-Administratives.<\/li><li>Comptabilitat fiscal.<\/li><li>Assessorament i consultes amb expert fiscal o jur\u00eddic.<\/li><\/ul>\t\t\t\t\t\t\t\t<\/div>\n\t\t\t\t<\/div>\n\t\t\t\t\t<\/div>\n\t\t\t\t<\/div>\n\t\t<div class=\"elementor-element elementor-element-9f072fc e-flex e-con-boxed e-con e-parent\" data-id=\"9f072fc\" data-element_type=\"container\">\n\t\t\t\t\t<div class=\"e-con-inner\">\n\t\t\t\t<div class=\"elementor-element elementor-element-b04bc5f elementor-widget elementor-widget-heading\" data-id=\"b04bc5f\" data-element_type=\"widget\" data-widget_type=\"heading.default\">\n\t\t\t\t<div class=\"elementor-widget-container\">\n\t\t\t\t\t<h2 class=\"elementor-heading-title elementor-size-default\">Assessor\u00eda comptable<\/h2>\t\t\t\t<\/div>\n\t\t\t\t<\/div>\n\t\t\t\t<div class=\"elementor-element elementor-element-31f9027 elementor-widget elementor-widget-text-editor\" data-id=\"31f9027\" data-element_type=\"widget\" data-widget_type=\"text-editor.default\">\n\t\t\t\t<div class=\"elementor-widget-container\">\n\t\t\t\t\t\t\t\t\t<ul><li>Comptabilitat de societats.<\/li><li>Comptabilitat d&#8217;Empresaris<\/li><li>Aut\u00f2noms i Professionals.<\/li><li>Comptabilitat de<\/li><li>Fundacions i Associacions sense \u00e0nim de lucre.<\/li><li>Comptabilitat Oficial segons Nou Pla General de Comptabilitat.<\/li><li>Actualitzaci\u00f3 de comptabilitats endarrerides.<\/li><li>Ordenaci\u00f3, codificaci\u00f3 i arxiu de documents.<\/li><li>Estudi i planificaci\u00f3 de comptabilitats.<\/li><li>Amortitzacions. Temps legals d&#8217;amortitzaci\u00f3.<\/li><li>Legalitzaci\u00f3 de Llibres<\/li><li>Oficials comptables.<\/li><li>Elaboraci\u00f3 i Dip\u00f2sit de Comptes Anuals.<\/li><\/ul>\t\t\t\t\t\t\t\t<\/div>\n\t\t\t\t<\/div>\n\t\t\t\t\t<\/div>\n\t\t\t\t<\/div>\n\t\t\t\t<\/div>\n\t\t","protected":false},"excerpt":{"rendered":"<p>Inicio \/ Tracte directe i personal, \u00e9s un aspecte clau de la nostra filosofia d&#8217;empresa, respectem a l&#8217;Aut\u00f2nom i Empresa.Sabem l&#8217;important que \u00e9s que el teu negoci compleixi amb les seves obligacions fiscals i comptables en temps i forma.Et detallem els serveis m\u00e9s freq\u00fcents, per\u00f2 disposem de molts uns altres adaptats a la teva activitat, [&hellip;]<\/p>\n","protected":false},"author":1,"featured_media":0,"parent":0,"menu_order":0,"comment_status":"closed","ping_status":"closed","template":"","meta":{"_seopress_robots_primary_cat":"","_seopress_titles_title":"","_seopress_titles_desc":"","_seopress_robots_index":"","footnotes":""},"class_list":["post-100","page","type-page","status-publish","hentry"],"_links":{"self":[{"href":"https:\/\/www.byr.cat\/ca\/wp-json\/wp\/v2\/pages\/100","targetHints":{"allow":["GET"]}}],"collection":[{"href":"https:\/\/www.byr.cat\/ca\/wp-json\/wp\/v2\/pages"}],"about":[{"href":"https:\/\/www.byr.cat\/ca\/wp-json\/wp\/v2\/types\/page"}],"author":[{"embeddable":true,"href":"https:\/\/www.byr.cat\/ca\/wp-json\/wp\/v2\/users\/1"}],"replies":[{"embeddable":true,"href":"https:\/\/www.byr.cat\/ca\/wp-json\/wp\/v2\/comments?post=100"}],"version-history":[{"count":19,"href":"https:\/\/www.byr.cat\/ca\/wp-json\/wp\/v2\/pages\/100\/revisions"}],"predecessor-version":[{"id":363,"href":"https:\/\/www.byr.cat\/ca\/wp-json\/wp\/v2\/pages\/100\/revisions\/363"}],"wp:attachment":[{"href":"https:\/\/www.byr.cat\/ca\/wp-json\/wp\/v2\/media?parent=100"}],"curies":[{"name":"wp","href":"https:\/\/api.w.org\/{rel}","templated":true}]}}